{"id":784,"date":"2023-02-15T15:34:18","date_gmt":"2023-02-15T14:34:18","guid":{"rendered":"https:\/\/modulevent.spdev.no\/?page_id=784"},"modified":"2024-01-22T14:25:17","modified_gmt":"2024-01-22T13:25:17","slug":"mord-pa-hotellet","status":"publish","type":"page","link":"https:\/\/modulevent.no\/en\/aktiviteter\/mord-pa-hotellet\/","title":{"rendered":"Murder at the hotel"},"content":{"rendered":"<p>[et_pb_section fb_built=&raquo;1&#8243; _builder_version=&raquo;4.19.5&#8243; _module_preset=&raquo;default&raquo; use_background_color_gradient=&raquo;on&raquo; background_color_gradient_stops=&raquo;rgba(1,20,32,0) 0%|rgba(1,20,32,0) 5%|#011420 100%&raquo; background_color_gradient_overlays_image=&raquo;on&raquo; background_image=&raquo;https:\/\/modulevent.no\/wp-content\/uploads\/2023\/02\/Mord-pa-hotellet2.jpeg&raquo; custom_padding=&raquo;170px||29px||false|&raquo; global_colors_info=&raquo;{}&raquo;][et_pb_row _builder_version=&raquo;4.19.4&#8243; _module_preset=&raquo;default&raquo; custom_margin=&raquo;|auto|60px|auto||&raquo; global_colors_info=&raquo;{}&raquo;][et_pb_column type=&raquo;4_4&#8243; _builder_version=&raquo;4.19.4&#8243; _module_preset=&raquo;default&raquo; global_colors_info=&raquo;{}&raquo;][et_pb_text _builder_version=&raquo;4.19.5&#8243; _module_preset=&raquo;default&raquo; text_font=&raquo;|300|||||||&raquo; text_text_color=&raquo;#FFFFFF&raquo; text_font_size=&raquo;23px&raquo; text_line_height=&raquo;1.1em&raquo; header_font=&raquo;|800|||||||&raquo; header_text_color=&raquo;#FFFFFF&raquo; header_font_size=&raquo;61px&raquo; custom_margin=&raquo;||11px|||&raquo; header_font_size_tablet=&raquo;61px&raquo; header_font_size_phone=&raquo;45px&raquo; header_font_size_last_edited=&raquo;on|phone&raquo; global_colors_info=&raquo;{}&raquo;]<\/p>\n<h1>Murder at the hotel<\/h1>\n<p>[\/et_pb_text][et_pb_text _builder_version=&raquo;4.20.4&#8243; _module_preset=&raquo;default&raquo; text_font=&raquo;|300|||||||&raquo; text_text_color=&raquo;#FFFFFF&raquo; text_font_size=&raquo;23px&raquo; text_line_height=&raquo;1.1em&raquo; header_2_font=&raquo;|300|||||||&raquo; header_2_text_color=&raquo;#FFFFFF&raquo; header_2_font_size=&raquo;23px&raquo; header_2_line_height=&raquo;1.1em&raquo; text_font_size_tablet=&raquo;23px&raquo; text_font_size_phone=&raquo;22px&raquo; text_font_size_last_edited=&raquo;on|phone&raquo; global_colors_info=&raquo;{}&raquo;]<\/p>\n<h2>Who is the killer? An engaging murder plot with skilled actors.<\/h2>\n<p>[\/et_pb_text][\/et_pb_column][\/et_pb_row][et_pb_row column_structure=&raquo;1_4,1_4,1_4,1_4&#8243; use_custom_gutter=&raquo;on&raquo; gutter_width=&raquo;2&#8243; _builder_version=&raquo;4.19.4&#8243; _module_preset=&raquo;default&raquo; global_colors_info=&raquo;{}&raquo;][et_pb_column type=&raquo;1_4&#8243; _builder_version=&raquo;4.19.4&#8243; _module_preset=&raquo;default&raquo; global_colors_info=&raquo;{}&raquo;][et_pb_blurb title=&raquo;Antall deltagere&raquo; image=&raquo;https:\/\/modulevent.no\/wp-content\/uploads\/2023\/01\/Antall.svg&raquo; icon_placement=&raquo;left&raquo; image_icon_width=&raquo;100%&raquo; _builder_version=&raquo;4.20.2&#8243; _module_preset=&raquo;default&raquo; header_font=&raquo;|800|||||||&raquo; header_text_color=&raquo;#FFFFFF&raquo; body_font=&raquo;|300|||||||&raquo; body_text_color=&raquo;#FFFFFF&raquo; body_font_size=&raquo;17px&raquo; image_icon_custom_margin=&raquo;|30px|||false|false&raquo; image_icon_custom_padding=&raquo;|0px|||false|false&raquo; animation=&raquo;off&raquo; custom_css_blurb_image=&raquo;vertical-align: middle;||&raquo; custom_css_blurb_title=&raquo;padding-bottom: 1px&raquo; global_colors_info=&raquo;{}&raquo;]<\/p>\n<p>10 - 150 people<\/p>\n<p>[\/et_pb_blurb][\/et_pb_column][et_pb_column type=&raquo;1_4&#8243; _builder_version=&raquo;4.19.4&#8243; _module_preset=&raquo;default&raquo; global_colors_info=&raquo;{}&raquo;][et_pb_blurb title=&raquo;Tidsbruk&raquo; image=&raquo;https:\/\/modulevent.no\/wp-content\/uploads\/2023\/01\/Tidsbruk.svg&raquo; icon_placement=&raquo;left&raquo; image_icon_width=&raquo;100%&raquo; _builder_version=&raquo;4.20.2&#8243; _module_preset=&raquo;default&raquo; header_font=&raquo;|800|||||||&raquo; header_text_color=&raquo;#FFFFFF&raquo; body_font=&raquo;|300|||||||&raquo; body_text_color=&raquo;#FFFFFF&raquo; body_font_size=&raquo;17px&raquo; image_icon_custom_margin=&raquo;|30px|||false|false&raquo; image_icon_custom_padding=&raquo;|0px|||false|false&raquo; animation=&raquo;off&raquo; custom_css_blurb_image=&raquo;vertical-align: middle;||&raquo; custom_css_blurb_title=&raquo;padding-bottom: 1px&raquo; global_colors_info=&raquo;{}&raquo;]<\/p>\n<p class=\"p1\">2 - 2.5 hours<\/p>\n<p>[\/et_pb_blurb][\/et_pb_column][et_pb_column type=&raquo;1_4&#8243; _builder_version=&raquo;4.19.4&#8243; _module_preset=&raquo;default&raquo; global_colors_info=&raquo;{}&raquo;][et_pb_blurb title=&raquo;\u00c5rstid&raquo; image=&raquo;https:\/\/modulevent.no\/wp-content\/uploads\/2023\/01\/Arstid.svg&raquo; icon_placement=&raquo;left&raquo; image_icon_width=&raquo;100%&raquo; _builder_version=&raquo;4.20.2&#8243; _module_preset=&raquo;default&raquo; header_font=&raquo;|800|||||||&raquo; header_text_color=&raquo;#FFFFFF&raquo; body_font=&raquo;|300|||||||&raquo; body_text_color=&raquo;#FFFFFF&raquo; body_font_size=&raquo;17px&raquo; image_icon_custom_margin=&raquo;|30px|||false|false&raquo; image_icon_custom_padding=&raquo;|0px|||false|false&raquo; animation=&raquo;off&raquo; custom_css_blurb_image=&raquo;vertical-align: middle;||&raquo; custom_css_blurb_title=&raquo;padding-bottom: 1px&raquo; global_colors_info=&raquo;{}&raquo;]<\/p>\n<p class=\"p1\">Indoor, all year round<\/p>\n<p>[\/et_pb_blurb][\/et_pb_column][et_pb_column type=&raquo;1_4&#8243; _builder_version=&raquo;4.19.4&#8243; _module_preset=&raquo;default&raquo; global_colors_info=&raquo;{}&raquo;][\/et_pb_column][\/et_pb_row][\/et_pb_section][et_pb_section fb_built=&raquo;1&#8243; custom_padding_last_edited=&raquo;on|phone&raquo; _builder_version=&raquo;4.19.4&#8243; _module_preset=&raquo;default&raquo; custom_padding=&raquo;70px||70px||true|&raquo; custom_padding_tablet=&raquo;70px||70px||true|&raquo; custom_padding_phone=&raquo;30px||30px||true|false&raquo; global_colors_info=&raquo;{}&raquo;][et_pb_row column_structure=&raquo;3_5,2_5&#8243; module_class=&raquo;pa-inline-buttons&raquo; _builder_version=&raquo;4.19.4&#8243; _module_preset=&raquo;default&raquo; custom_margin=&raquo;|auto|30px|auto||&raquo; custom_padding=&raquo;||0px|||&raquo; global_colors_info=&raquo;{}&raquo;][et_pb_column type=&raquo;3_5&#8243; _builder_version=&raquo;4.19.4&#8243; _module_preset=&raquo;default&raquo; global_colors_info=&raquo;{}&raquo;][et_pb_text _builder_version=&raquo;4.19.5&#8243; _module_preset=&raquo;default&raquo; text_font=&raquo;|800|||||||&raquo; text_text_color=&raquo;#011420&#8243; text_font_size=&raquo;26px&raquo; text_line_height=&raquo;1.2em&raquo; text_font_size_tablet=&raquo;26px&raquo; text_font_size_phone=&raquo;21px&raquo; text_font_size_last_edited=&raquo;on|phone&raquo; global_colors_info=&raquo;{}&raquo;]<\/p>\n<p>Which team will uncover the murderer, the motive, and the sequence of events? Is it reception manager Britt Elisabeth Bakke, kitchen chef Ulf Carlsson, or bar pianist Pjotr who has something to hide?<\/p>\n<p>[\/et_pb_text][et_pb_text _builder_version=&raquo;4.19.5&#8243; _module_preset=&raquo;default&raquo; text_font=&raquo;|300|||||||&raquo; text_text_color=&raquo;#011420&#8243; text_font_size=&raquo;23px&raquo; text_line_height=&raquo;1.2em&raquo; custom_margin=&raquo;||19px|||&raquo; text_font_size_tablet=&raquo;23px&raquo; text_font_size_phone=&raquo;19px&raquo; text_font_size_last_edited=&raquo;on|phone&raquo; global_colors_info=&raquo;{}&raquo;]<\/p>\n<p>Clues, evidence, stories, and tasks are scattered around the hotel. A completely different murder mystery and an entertaining revelation of the plot and the killer.<\/p>\n<p>Egner seg meget godt som en overraskende teambuilding aktivitet mellom m\u00f8teslutt og middag. Totalt overraskende pa\u030a deltagerne kommer skuespillerne l\u00f8pende inn i m\u00f8tesalen etter tur, utkledd som hotellansatte, og melder at hotellsjefen er funnet myrdet. Etter et innledende spill, deles gruppen i lag som skal bist\u00e5 etterforskerne med \u00e5 avsl\u00f8re morderen og hendelsesforl\u00f8pet.<\/p>\n<p>Just before dinner, the group will come together for the final revelation. The winning team will be announced and rewarded, followed by the police report confirming the sequence of events and identifying the murderer.<\/p>\n<p>The activity ends with an entertaining musical potpourri with the actors.<\/p>\n<p>[\/et_pb_text][dsm_button button_one_text=&raquo;Kontakt oss&raquo; button_one_url=&raquo;@ET-DC@eyJkeW5hbWljIjp0cnVlLCJjb250ZW50IjoicG9zdF9saW5rX3VybF9wYWdlIiwic2V0dGluZ3MiOnsicG9zdF9pZCI6IjY1MSJ9fQ==@&raquo; button_two_text=&raquo;Last ned PDF&raquo; button_two_url=&raquo;https:\/\/modulevent.no\/wp-content\/uploads\/2023\/05\/Mord-pa-hotellet.pdf&raquo; button_two_url_new_window=&raquo;on&raquo; button_one_icon_hover_animation=&raquo;dsm-icon-forward&raquo; button_two_icon_hover_animation=&raquo;dsm-icon-forward&raquo; _builder_version=&raquo;4.21.0&#8243; _dynamic_attributes=&raquo;button_one_url&raquo; _module_preset=&raquo;default&raquo; custom_button_one=&raquo;on&raquo; button_one_text_size=&raquo;16px&raquo; button_one_text_color=&raquo;#000000&#8243; button_one_bg_color=&raquo;#ffd362&#8243; button_one_border_width=&raquo;2px&raquo; button_one_border_color=&raquo;#ffd362&#8243; button_one_border_radius=&raquo;20px&raquo; button_one_letter_spacing=&raquo;0px&raquo; button_one_font=&raquo;Work Sans|500|||||||&raquo; button_one_icon=&raquo;&#x35;||divi||400&#8243; button_one_on_hover=&raquo;off&raquo; button_one_custom_padding=&raquo;|50px||40px|false|false&raquo; button_one_custom_padding_tablet=&raquo;&raquo; button_one_custom_padding_phone=&raquo;|60px||40px|false|false&raquo; button_one_custom_padding_last_edited=&raquo;on|phone&raquo; custom_button_two=&raquo;on&raquo; button_two_text_size=&raquo;16px&raquo; button_two_text_color=&raquo;#000000&#8243; button_two_border_width=&raquo;2px&raquo; button_two_border_color=&raquo;#000000&#8243; button_two_border_radius=&raquo;20px&raquo; button_two_letter_spacing=&raquo;0px&raquo; button_two_font=&raquo;Work Sans|500|||||||&raquo; button_two_icon=&raquo;&#x35;||divi||400&#8243; button_two_on_hover=&raquo;off&raquo; button_two_custom_margin=&raquo;||||false|false&raquo; button_two_custom_margin_tablet=&raquo;&raquo; button_two_custom_margin_phone=&raquo;|||0px|false|false&raquo; button_two_custom_margin_last_edited=&raquo;on|phone&raquo; button_two_custom_padding=&raquo;|50px||40px|false|false&raquo; custom_margin=&raquo;35px||35px|||&raquo; global_colors_info=&raquo;{}&raquo; button_two_bg_color__hover_enabled=&raquo;on|hover&raquo; button_two_bg_color__hover=&raquo;#091B26&#8243; button_two_bg_enable_color__hover=&raquo;on&raquo; button_one_bg_color__hover=&raquo;#ffd362&#8243; button_one_bg_color__hover_enabled=&raquo;on|hover&raquo; button_two_text_color__hover_enabled=&raquo;on|hover&raquo; button_two_text_color__hover=&raquo;#FFFFFF&raquo;][\/dsm_button][\/et_pb_column][et_pb_column type=&raquo;2_5&#8243; _builder_version=&raquo;4.19.4&#8243; _module_preset=&raquo;default&raquo; global_colors_info=&raquo;{}&raquo;][dsm_faq dsm_accordion_gap=&raquo;16px&raquo; dsm_open_faq_item=&raquo;on&raquo; dsm_open_toggle_margin=&raquo;||||false|false&raquo; dsm_close_bg_color=&raquo;#ffffff&raquo; dsm_open_font_icon=&raquo;&#xf106;||fa||900&#8243; dsm_close_font_icon=&raquo;&#xf107;||fa||900&#8243; dsm_close_icon_margin=&raquo;||||false|false&raquo; dsm_animate_icon=&raquo;on&raquo; dsm_icon_placement=&raquo;right&raquo; dsm_content_margin=&raquo;20px||||false|false&raquo; _builder_version=&raquo;4.20.2&#8243; _module_preset=&raquo;default&raquo; header_font=&raquo;|800|||||||&raquo; header_font_size=&raquo;25px&raquo; content_font=&raquo;|300|||||||&raquo; content_text_color=&raquo;#011420&#8243; content_font_size=&raquo;17px&raquo; header_font_size_tablet=&raquo;25px&raquo; header_font_size_phone=&raquo;21px&raquo; header_font_size_last_edited=&raquo;on|phone&raquo; closed_header_font_size_tablet=&raquo;&raquo; closed_header_font_size_phone=&raquo;21px&raquo; closed_header_font_size_last_edited=&raquo;on|phone&raquo; border_width_all_dsm_toggle_open_border=&raquo;1px&raquo; border_color_all_dsm_toggle_open_border=&raquo;#e8e8e8&#8243; border_width_all_dsm_toggle_closed_border=&raquo;1px&raquo; border_color_all_dsm_toggle_closed_border=&raquo;#e8e8e8&#8243; global_colors_info=&raquo;{}&raquo;][dsm_faq_child dsm_title=&raquo;Praktisk&raquo; dsm_content=&raquo;<\/p>\n<p class=\"%22p1%22\"><strong>Number of participants:<\/strong> 10-150 pers<\/p>\n<p class=\"%22p1%22\"><strong>Duration:<\/strong> 2-2,5 time inkl intro og avslutning<\/p>\n<p class=\"%22p1%22\"><strong>Season:<\/strong> Indoor, all year round<\/p>\n<p class=\"%22p1%22\"><strong>Other:<\/strong> Can be held at a hotel, meeting room, or your own workplace<\/p>\n<p class=\"%22p1%22\">Can be arranged in Norwegian and English.<\/p>\n<p>&raquo; dsm_child_use_image=&raquo;on&raquo; dsm_open_child_image=&raquo;https:\/\/modulevent.no\/wp-content\/uploads\/2023\/01\/Informasjon.svg&raquo; dsm_open_image_width=&raquo;25px&raquo; dsm_open_image_margin=&raquo;|10px|||false|false&raquo; dsm_close_child_image=&raquo;https:\/\/modulevent.no\/wp-content\/uploads\/2023\/01\/Informasjon.svg&raquo; dsm_close_image_width=&raquo;25px&raquo; dsm_close_image_margin=&raquo;|10px|||false|false&raquo; dsm_open_icon_color=&raquo;#011420&#8243; _builder_version=&raquo;4.20.2&#8243; _module_preset=&raquo;default&raquo; header_item_font=&raquo;||||||||&raquo; header_item_text_color=&raquo;#011420&#8243; content_text_color=&raquo;#011420&#8243; content_line_height=&raquo;1.3em&raquo; custom_margin=&raquo;||||false|false&raquo; border_radii=&raquo;on|10px|10px|10px|10px&raquo; border_color_all=&raquo;#011420&#8243; global_colors_info=&raquo;{}&raquo; parentOrderClass=&raquo;dsm_faq_0&#8243;][\/dsm_faq_child][dsm_faq_child dsm_title=&raquo;Utstyr og sikkerhet&raquo; dsm_content=&raquo;<\/p>\n<p>Adapted to the individual assignment and desired level of difficulty<\/p>\n<p>We bring first aid equipment to all events.<\/p>\n<p>&raquo; dsm_child_use_image=&raquo;on&raquo; dsm_open_child_image=&raquo;https:\/\/modulevent.no\/wp-content\/uploads\/2023\/01\/Sikkerhet.svg&raquo; dsm_open_image_width=&raquo;25px&raquo; dsm_open_image_margin=&raquo;|10px|||false|false&raquo; dsm_close_child_image=&raquo;https:\/\/modulevent.no\/wp-content\/uploads\/2023\/01\/Sikkerhet.svg&raquo; dsm_close_image_width=&raquo;25px&raquo; dsm_close_image_margin=&raquo;|10px|||false|false&raquo; dsm_open_icon_color=&raquo;#011420&#8243; _builder_version=&raquo;4.19.5&#8243; _module_preset=&raquo;default&raquo; header_item_font=&raquo;||||||||&raquo; header_item_text_color=&raquo;#011420&#8243; content_text_color=&raquo;#011420&#8243; content_line_height=&raquo;1.3em&raquo; custom_margin=&raquo;||||false|false&raquo; border_radii=&raquo;on|10px|10px|10px|10px&raquo; border_color_all=&raquo;#011420&#8243; global_colors_info=&raquo;{}&raquo; parentOrderClass=&raquo;dsm_faq_0&#8243;][\/dsm_faq_child][dsm_faq_child dsm_title=&raquo;Suksesskriterier&raquo; dsm_content=&raquo;<\/p>\n<p>Engaging<\/p>\n<p>Informal competition in unusual surroundings<\/p>\n<p>Varied tasks that challenge in different ways, practical, theoretical, and logical.<\/p>\n<p>&raquo; dsm_child_use_image=&raquo;on&raquo; dsm_open_child_image=&raquo;https:\/\/modulevent.no\/wp-content\/uploads\/2023\/01\/Suksess.svg&raquo; dsm_open_image_width=&raquo;25px&raquo; dsm_open_image_margin=&raquo;|10px|||false|false&raquo; dsm_close_child_image=&raquo;https:\/\/modulevent.no\/wp-content\/uploads\/2023\/01\/Suksess.svg&raquo; dsm_close_image_width=&raquo;25px&raquo; dsm_close_image_margin=&raquo;|10px|||false|false&raquo; dsm_open_icon_color=&raquo;#011420&#8243; _builder_version=&raquo;4.19.5&#8243; _module_preset=&raquo;default&raquo; header_item_font=&raquo;||||||||&raquo; header_item_text_color=&raquo;#011420&#8243; content_text_color=&raquo;#011420&#8243; content_line_height=&raquo;1.3em&raquo; custom_margin=&raquo;||||false|false&raquo; border_radii=&raquo;on|10px|10px|10px|10px&raquo; border_color_all=&raquo;#011420&#8243; global_colors_info=&raquo;{}&raquo; parentOrderClass=&raquo;dsm_faq_0&#8243;][\/dsm_faq_child][\/dsm_faq][\/et_pb_column][\/et_pb_row][et_pb_row _builder_version=&raquo;4.19.5&#8243; _module_preset=&raquo;default&raquo; custom_padding=&raquo;1px|||||&raquo; global_colors_info=&raquo;{}&raquo;][et_pb_column type=&raquo;4_4&#8243; _builder_version=&raquo;4.19.5&#8243; _module_preset=&raquo;default&raquo; global_colors_info=&raquo;{}&raquo;][dsm_masonry_gallery gallery_ids=&raquo;788,789,790,791,792,793,787&#8243; gutter=&raquo;10&#8243; use_lightbox=&raquo;on&raquo; lightbox_title=&raquo;off&raquo; lightbox_caption=&raquo;off&raquo; use_zoom_on_hover=&raquo;on&raquo; columns_tablet=&raquo;4&#8243; columns_phone=&raquo;2&#8243; columns_last_edited=&raquo;on|phone&raquo; gutter_tablet=&raquo;10&#8243; gutter_phone=&raquo;5&#8243; gutter_last_edited=&raquo;on|desktop&raquo; _builder_version=&raquo;4.19.5&#8243; _module_preset=&raquo;default&raquo; border_radii_grid=&raquo;on|3px|3px|3px|3px&raquo; global_colors_info=&raquo;{}&raquo;][\/dsm_masonry_gallery][\/et_pb_column][\/et_pb_row][et_pb_row _builder_version=&raquo;4.20.4&#8243; _module_preset=&raquo;default&raquo; custom_margin=&raquo;0px||0px||true|false&raquo; custom_padding=&raquo;0px||0px||true|false&raquo; global_colors_info=&raquo;{}&raquo;][et_pb_column type=&raquo;4_4&#8243; _builder_version=&raquo;4.20.4&#8243; _module_preset=&raquo;default&raquo; global_colors_info=&raquo;{}&raquo;][et_pb_text _builder_version=&raquo;4.20.4&#8243; _module_preset=&raquo;default&raquo; text_text_color=&raquo;#FFFFFF&raquo; text_font_size=&raquo;1px&raquo; link_text_color=&raquo;#FFFFFF&raquo; global_colors_info=&raquo;{}&raquo;]<\/p>\n<p>F\u00f8lg oss p\u00e5 <a href=\"https:\/\/www.facebook.com\/allonboard\/\" target=\"_blank\" rel=\"noopener\">Facebook<\/a><\/p>\n<p>[\/et_pb_text][\/et_pb_column][\/et_pb_row][\/et_pb_section]<\/p>","protected":false},"excerpt":{"rendered":"<p>Mord p\u00e5 hotelletKlarer dere \u00e5 l\u00f8se et mord p\u00e5 hotellet? Hvem er morderen? Et engasjerende mordplott med dyktige skuespillere.10 &#8211; 150 pers2 &#8211; 2,5 timerInnend\u00f8rs, hele \u00e5retHvilket lag avsl\u00f8rer morderen, motivet og hendelsesforl\u00f8pet? Er det resepsjonssjef Britt Elisabeth Bakke, kj\u00f8kkensjef Ulf Carlsson eller barpianist Pjotr som ikke har rent mel i posen?Ledetra\u030ader, bevis, historier og [&hellip;]<\/p>","protected":false},"author":1,"featured_media":0,"parent":313,"menu_order":0,"comment_status":"closed","ping_status":"closed","template":"","meta":{"_et_pb_use_builder":"on","_et_pb_old_content":"","_et_gb_content_width":"","footnotes":""},"class_list":["post-784","page","type-page","status-publish","hentry"],"_links":{"self":[{"href":"https:\/\/modulevent.no\/en\/wp-json\/wp\/v2\/pages\/784","targetHints":{"allow":["GET"]}}],"collection":[{"href":"https:\/\/modulevent.no\/en\/wp-json\/wp\/v2\/pages"}],"about":[{"href":"https:\/\/modulevent.no\/en\/wp-json\/wp\/v2\/types\/page"}],"author":[{"embeddable":true,"href":"https:\/\/modulevent.no\/en\/wp-json\/wp\/v2\/users\/1"}],"replies":[{"embeddable":true,"href":"https:\/\/modulevent.no\/en\/wp-json\/wp\/v2\/comments?post=784"}],"version-history":[{"count":8,"href":"https:\/\/modulevent.no\/en\/wp-json\/wp\/v2\/pages\/784\/revisions"}],"predecessor-version":[{"id":2182,"href":"https:\/\/modulevent.no\/en\/wp-json\/wp\/v2\/pages\/784\/revisions\/2182"}],"up":[{"embeddable":true,"href":"https:\/\/modulevent.no\/en\/wp-json\/wp\/v2\/pages\/313"}],"wp:attachment":[{"href":"https:\/\/modulevent.no\/en\/wp-json\/wp\/v2\/media?parent=784"}],"curies":[{"name":"wp","href":"https:\/\/api.w.org\/{rel}","templated":true}]}}