{"id":705,"date":"2023-02-15T13:04:59","date_gmt":"2023-02-15T12:04:59","guid":{"rendered":"https:\/\/modulevent.spdev.no\/?page_id=705"},"modified":"2023-05-04T15:15:18","modified_gmt":"2023-05-04T13:15:18","slug":"deadline","status":"publish","type":"page","link":"https:\/\/modulevent.no\/en\/aktiviteter\/deadline\/","title":{"rendered":"Deadline"},"content":{"rendered":"<p>[et_pb_section fb_built=&raquo;1&#8243; _builder_version=&raquo;4.20.2&#8243; _module_preset=&raquo;default&raquo; use_background_color_gradient=&raquo;on&raquo; background_color_gradient_stops=&raquo;rgba(1,20,32,0) 0%|rgba(1,20,32,0) 5%|#011420 100%&raquo; background_color_gradient_overlays_image=&raquo;on&raquo; background_image=&raquo;https:\/\/modulevent.no\/wp-content\/uploads\/2023\/02\/Deadline-scaled.jpeg&raquo; background_position=&raquo;top_left&raquo; custom_padding=&raquo;170px||29px||false|&raquo; global_colors_info=&raquo;{}&raquo;][et_pb_row _builder_version=&raquo;4.19.4&#8243; _module_preset=&raquo;default&raquo; custom_margin=&raquo;|auto|60px|auto||&raquo; global_colors_info=&raquo;{}&raquo;][et_pb_column type=&raquo;4_4&#8243; _builder_version=&raquo;4.19.4&#8243; _module_preset=&raquo;default&raquo; global_colors_info=&raquo;{}&raquo;][et_pb_text _builder_version=&raquo;4.19.5&#8243; _module_preset=&raquo;default&raquo; text_font=&raquo;|300|||||||&raquo; text_text_color=&raquo;#FFFFFF&raquo; text_font_size=&raquo;23px&raquo; text_line_height=&raquo;1.1em&raquo; header_font=&raquo;|800|||||||&raquo; header_text_color=&raquo;#FFFFFF&raquo; header_font_size=&raquo;61px&raquo; custom_margin=&raquo;||11px|||&raquo; header_font_size_tablet=&raquo;61px&raquo; header_font_size_phone=&raquo;45px&raquo; header_font_size_last_edited=&raquo;on|phone&raquo; global_colors_info=&raquo;{}&raquo;]<\/p>\n<h1>Deadline - The Mobile Escape Room<\/h1>\n<p>[\/et_pb_text][et_pb_text _builder_version=&raquo;4.20.0&#8243; _module_preset=&raquo;default&raquo; text_font=&raquo;|300|||||||&raquo; text_text_color=&raquo;#FFFFFF&raquo; text_font_size=&raquo;23px&raquo; text_line_height=&raquo;1.1em&raquo; text_font_size_tablet=&raquo;23px&raquo; text_font_size_phone=&raquo;22px&raquo; text_font_size_last_edited=&raquo;on|phone&raquo; global_colors_info=&raquo;{}&raquo;]<\/p>\n<p><strong>13<\/strong> digits, <strong>3<\/strong> attempts, <strong>1<\/strong> hour.<\/p>\n<p>[\/et_pb_text][\/et_pb_column][\/et_pb_row][et_pb_row column_structure=&raquo;1_4,1_4,1_4,1_4&#8243; use_custom_gutter=&raquo;on&raquo; gutter_width=&raquo;2&#8243; _builder_version=&raquo;4.19.4&#8243; _module_preset=&raquo;default&raquo; global_colors_info=&raquo;{}&raquo;][et_pb_column type=&raquo;1_4&#8243; _builder_version=&raquo;4.19.4&#8243; _module_preset=&raquo;default&raquo; global_colors_info=&raquo;{}&raquo;][et_pb_blurb title=&raquo;Antall deltagere&raquo; image=&raquo;https:\/\/modulevent.no\/wp-content\/uploads\/2023\/01\/Antall.svg&raquo; icon_placement=&raquo;left&raquo; image_icon_width=&raquo;100%&raquo; _builder_version=&raquo;4.19.5&#8243; _module_preset=&raquo;default&raquo; header_font=&raquo;|800|||||||&raquo; header_text_color=&raquo;#FFFFFF&raquo; body_font=&raquo;|300|||||||&raquo; body_text_color=&raquo;#FFFFFF&raquo; body_font_size=&raquo;17px&raquo; image_icon_custom_margin=&raquo;|30px|||false|false&raquo; image_icon_custom_padding=&raquo;|0px|||false|false&raquo; animation=&raquo;off&raquo; custom_css_blurb_image=&raquo;vertical-align: middle;||&raquo; custom_css_blurb_title=&raquo;padding-bottom: 1px&raquo; global_colors_info=&raquo;{}&raquo;]<\/p>\n<p>10 - 1000 people<\/p>\n<p>[\/et_pb_blurb][\/et_pb_column][et_pb_column type=&raquo;1_4&#8243; _builder_version=&raquo;4.19.4&#8243; _module_preset=&raquo;default&raquo; global_colors_info=&raquo;{}&raquo;][et_pb_blurb title=&raquo;Tidsbruk&raquo; image=&raquo;https:\/\/modulevent.no\/wp-content\/uploads\/2023\/01\/Tidsbruk.svg&raquo; icon_placement=&raquo;left&raquo; image_icon_width=&raquo;100%&raquo; _builder_version=&raquo;4.19.5&#8243; _module_preset=&raquo;default&raquo; header_font=&raquo;|800|||||||&raquo; header_text_color=&raquo;#FFFFFF&raquo; body_font=&raquo;|300|||||||&raquo; body_text_color=&raquo;#FFFFFF&raquo; body_font_size=&raquo;17px&raquo; image_icon_custom_margin=&raquo;|30px|||false|false&raquo; image_icon_custom_padding=&raquo;|0px|||false|false&raquo; animation=&raquo;off&raquo; custom_css_blurb_image=&raquo;vertical-align: middle;||&raquo; custom_css_blurb_title=&raquo;padding-bottom: 1px&raquo; global_colors_info=&raquo;{}&raquo;]<\/p>\n<p>1.5 hours<\/p>\n<p>[\/et_pb_blurb][\/et_pb_column][et_pb_column type=&raquo;1_4&#8243; _builder_version=&raquo;4.19.4&#8243; _module_preset=&raquo;default&raquo; global_colors_info=&raquo;{}&raquo;][et_pb_blurb title=&raquo;\u00c5rstid&raquo; image=&raquo;https:\/\/modulevent.no\/wp-content\/uploads\/2023\/01\/Arstid.svg&raquo; icon_placement=&raquo;left&raquo; image_icon_width=&raquo;100%&raquo; _builder_version=&raquo;4.19.5&#8243; _module_preset=&raquo;default&raquo; header_font=&raquo;|800|||||||&raquo; header_text_color=&raquo;#FFFFFF&raquo; body_font=&raquo;|300|||||||&raquo; body_text_color=&raquo;#FFFFFF&raquo; body_font_size=&raquo;17px&raquo; image_icon_custom_margin=&raquo;|30px|||false|false&raquo; image_icon_custom_padding=&raquo;|0px|||false|false&raquo; animation=&raquo;off&raquo; custom_css_blurb_image=&raquo;vertical-align: middle;||&raquo; custom_css_blurb_title=&raquo;padding-bottom: 1px&raquo; global_colors_info=&raquo;{}&raquo;]<\/p>\n<p>All year round<\/p>\n<p>[\/et_pb_blurb][\/et_pb_column][et_pb_column type=&raquo;1_4&#8243; _builder_version=&raquo;4.19.4&#8243; _module_preset=&raquo;default&raquo; global_colors_info=&raquo;{}&raquo;][\/et_pb_column][\/et_pb_row][\/et_pb_section][et_pb_section fb_built=&raquo;1&#8243; custom_padding_last_edited=&raquo;on|phone&raquo; _builder_version=&raquo;4.19.4&#8243; _module_preset=&raquo;default&raquo; custom_padding=&raquo;70px||70px||true|&raquo; custom_padding_tablet=&raquo;70px||70px||true|&raquo; custom_padding_phone=&raquo;30px||30px||true|false&raquo; global_colors_info=&raquo;{}&raquo;][et_pb_row column_structure=&raquo;3_5,2_5&#8243; module_class=&raquo;pa-inline-buttons&raquo; _builder_version=&raquo;4.19.4&#8243; _module_preset=&raquo;default&raquo; custom_margin=&raquo;|auto|30px|auto||&raquo; custom_padding=&raquo;||0px|||&raquo; global_colors_info=&raquo;{}&raquo;][et_pb_column type=&raquo;3_5&#8243; _builder_version=&raquo;4.19.4&#8243; _module_preset=&raquo;default&raquo; global_colors_info=&raquo;{}&raquo;][et_pb_text _builder_version=&raquo;4.19.5&#8243; _module_preset=&raquo;default&raquo; text_font=&raquo;|800|||||||&raquo; text_text_color=&raquo;#011420&#8243; text_font_size=&raquo;26px&raquo; text_line_height=&raquo;1.2em&raquo; text_font_size_tablet=&raquo;26px&raquo; text_font_size_phone=&raquo;21px&raquo; text_font_size_last_edited=&raquo;on|phone&raquo; global_colors_info=&raquo;{}&raquo;]<\/p>\n<p>All you have is a suitcase and its contents. Can you crack the codes left by the villain? Can you prevent the server from being decrypted?<\/p>\n<p>[\/et_pb_text][et_pb_text _builder_version=&raquo;4.19.5&#8243; _module_preset=&raquo;default&raquo; text_font=&raquo;|300|||||||&raquo; text_text_color=&raquo;#011420&#8243; text_font_size=&raquo;23px&raquo; text_line_height=&raquo;1.2em&raquo; custom_margin=&raquo;||19px|||&raquo; text_font_size_tablet=&raquo;23px&raquo; text_font_size_phone=&raquo;19px&raquo; text_font_size_last_edited=&raquo;on|phone&raquo; global_colors_info=&raquo;{}&raquo;]<\/p>\n<p>The IT manager has been caught selling the company's secrets, putting their reputation at risk. Before he was fired, he started decrypting the server, which will make it unusable and spread all the company secrets online.<\/p>\n<p>The only way to prevent this is to crack the codes and find the password that will stop the whole operation.<\/p>\n<p>Deadline takes you on an intense and exciting investigation, where all senses are engaged. Cooperation and engagement are two factors that really come into play during this stressful and sometimes frustrating hour.<\/p>\n<p>Do you accept the challenge? <\/p>\n<p>[\/et_pb_text][dsm_button button_one_text=&raquo;Kontakt oss&raquo; button_one_url=&raquo;@ET-DC@eyJkeW5hbWljIjp0cnVlLCJjb250ZW50IjoicG9zdF9saW5rX3VybF9wYWdlIiwic2V0dGluZ3MiOnsicG9zdF9pZCI6IjY1MSJ9fQ==@&raquo; button_two_text=&raquo;Last ned PDF&raquo; button_two_url=&raquo;https:\/\/modulevent.no\/wp-content\/uploads\/2023\/05\/Deadline.pdf&raquo; button_two_url_new_window=&raquo;on&raquo; button_one_icon_hover_animation=&raquo;dsm-icon-forward&raquo; button_two_icon_hover_animation=&raquo;dsm-icon-forward&raquo; _builder_version=&raquo;4.21.0&#8243; _dynamic_attributes=&raquo;button_one_url&raquo; _module_preset=&raquo;default&raquo; custom_button_one=&raquo;on&raquo; button_one_text_size=&raquo;16px&raquo; button_one_text_color=&raquo;#000000&#8243; button_one_bg_color=&raquo;#ffd362&#8243; button_one_border_width=&raquo;2px&raquo; button_one_border_color=&raquo;#ffd362&#8243; button_one_border_radius=&raquo;20px&raquo; button_one_letter_spacing=&raquo;0px&raquo; button_one_font=&raquo;Work Sans|500|||||||&raquo; button_one_icon=&raquo;&#x35;||divi||400&#8243; button_one_on_hover=&raquo;off&raquo; button_one_custom_padding=&raquo;|50px||40px|false|false&raquo; button_one_custom_padding_tablet=&raquo;&raquo; button_one_custom_padding_phone=&raquo;|60px||40px|false|false&raquo; button_one_custom_padding_last_edited=&raquo;on|phone&raquo; custom_button_two=&raquo;on&raquo; button_two_text_size=&raquo;16px&raquo; button_two_text_color=&raquo;#000000&#8243; button_two_border_width=&raquo;2px&raquo; button_two_border_color=&raquo;#000000&#8243; button_two_border_radius=&raquo;20px&raquo; button_two_letter_spacing=&raquo;0px&raquo; button_two_font=&raquo;Work Sans|500|||||||&raquo; button_two_icon=&raquo;&#x35;||divi||400&#8243; button_two_on_hover=&raquo;off&raquo; button_two_custom_margin=&raquo;||||false|false&raquo; button_two_custom_margin_tablet=&raquo;&raquo; button_two_custom_margin_phone=&raquo;|||0px|false|false&raquo; button_two_custom_margin_last_edited=&raquo;on|phone&raquo; button_two_custom_padding=&raquo;|50px||40px|false|false&raquo; custom_margin=&raquo;35px||35px|||&raquo; hover_enabled=&raquo;0&#8243; global_colors_info=&raquo;{}&raquo; button_two_bg_color__hover_enabled=&raquo;on|hover&raquo; button_two_bg_color__hover=&raquo;#091B26&#8243; button_two_bg_enable_color__hover=&raquo;on&raquo; button_one_bg_color__hover=&raquo;#ffd362&#8243; button_one_bg_color__hover_enabled=&raquo;on|hover&raquo; button_two_text_color__hover_enabled=&raquo;on|hover&raquo; button_two_text_color__hover=&raquo;#FFFFFF&raquo; theme_builder_area=&raquo;post_content&raquo; sticky_enabled=&raquo;0&#8243;][\/dsm_button][\/et_pb_column][et_pb_column type=&raquo;2_5&#8243; _builder_version=&raquo;4.19.4&#8243; _module_preset=&raquo;default&raquo; global_colors_info=&raquo;{}&raquo;][dsm_faq dsm_accordion_gap=&raquo;16px&raquo; dsm_open_faq_item=&raquo;on&raquo; dsm_open_toggle_margin=&raquo;||||false|false&raquo; dsm_close_bg_color=&raquo;#ffffff&raquo; dsm_open_font_icon=&raquo;&#xf106;||fa||900&#8243; dsm_close_font_icon=&raquo;&#xf107;||fa||900&#8243; dsm_close_icon_margin=&raquo;||||false|false&raquo; dsm_animate_icon=&raquo;on&raquo; dsm_icon_placement=&raquo;right&raquo; dsm_content_margin=&raquo;20px||||false|false&raquo; _builder_version=&raquo;4.20.2&#8243; _module_preset=&raquo;default&raquo; header_font=&raquo;|800|||||||&raquo; header_font_size=&raquo;25px&raquo; content_font=&raquo;|300|||||||&raquo; content_text_color=&raquo;#011420&#8243; content_font_size=&raquo;17px&raquo; header_font_size_tablet=&raquo;25px&raquo; header_font_size_phone=&raquo;21px&raquo; header_font_size_last_edited=&raquo;on|phone&raquo; closed_header_font_size_tablet=&raquo;&raquo; closed_header_font_size_phone=&raquo;21px&raquo; closed_header_font_size_last_edited=&raquo;on|phone&raquo; border_width_all_dsm_toggle_open_border=&raquo;1px&raquo; border_color_all_dsm_toggle_open_border=&raquo;#e8e8e8&#8243; border_width_all_dsm_toggle_closed_border=&raquo;1px&raquo; border_color_all_dsm_toggle_closed_border=&raquo;#e8e8e8&#8243; global_colors_info=&raquo;{}&raquo;][dsm_faq_child dsm_title=&raquo;Praktisk&raquo; dsm_content=&raquo;<\/p>\n<p><strong>Number of participants:<\/strong> 10-1000 people<\/p>\n<p><strong>Number per team:<\/strong> 5-8 people<\/p>\n<p><strong>Season:<\/strong> All year round<\/p>\n<p><strong>Duration:<\/strong> 1.5 hours, including introduction and conclusion<\/p>\n<p><strong>Other:<\/strong> Can be held anywhere<\/p>\n<p>Can be arranged in Norwegian and English.<\/p>\n<p>&raquo; dsm_child_use_image=&raquo;on&raquo; dsm_open_child_image=&raquo;https:\/\/modulevent.no\/wp-content\/uploads\/2023\/01\/Informasjon.svg&raquo; dsm_open_image_width=&raquo;25px&raquo; dsm_open_image_margin=&raquo;|10px|||false|false&raquo; dsm_close_child_image=&raquo;https:\/\/modulevent.no\/wp-content\/uploads\/2023\/01\/Informasjon.svg&raquo; dsm_close_image_width=&raquo;25px&raquo; dsm_close_image_margin=&raquo;|10px|||false|false&raquo; dsm_open_icon_color=&raquo;#011420&#8243; _builder_version=&raquo;4.20.2&#8243; _module_preset=&raquo;default&raquo; header_item_font=&raquo;||||||||&raquo; header_item_text_color=&raquo;#011420&#8243; content_text_color=&raquo;#011420&#8243; content_line_height=&raquo;1.3em&raquo; custom_margin=&raquo;||||false|false&raquo; border_radii=&raquo;on|10px|10px|10px|10px&raquo; border_color_all=&raquo;#011420&#8243; global_colors_info=&raquo;{}&raquo; parentOrderClass=&raquo;dsm_faq_0&#8243;][\/dsm_faq_child][dsm_faq_child dsm_title=&raquo;Utstyr og sikkerhet&raquo; dsm_content=&raquo;<\/p>\n<p>Adapted to the individual assignment and desired level of difficulty<\/p>\n<p>We bring first aid equipment to all events.<\/p>\n<p>&raquo; dsm_child_use_image=&raquo;on&raquo; dsm_open_child_image=&raquo;https:\/\/modulevent.no\/wp-content\/uploads\/2023\/01\/Sikkerhet.svg&raquo; dsm_open_image_width=&raquo;25px&raquo; dsm_open_image_margin=&raquo;|10px|||false|false&raquo; dsm_close_child_image=&raquo;https:\/\/modulevent.no\/wp-content\/uploads\/2023\/01\/Sikkerhet.svg&raquo; dsm_close_image_width=&raquo;25px&raquo; dsm_close_image_margin=&raquo;|10px|||false|false&raquo; dsm_open_icon_color=&raquo;#011420&#8243; _builder_version=&raquo;4.19.5&#8243; _module_preset=&raquo;default&raquo; header_item_font=&raquo;||||||||&raquo; header_item_text_color=&raquo;#011420&#8243; content_text_color=&raquo;#011420&#8243; content_line_height=&raquo;1.3em&raquo; custom_margin=&raquo;||||false|false&raquo; border_radii=&raquo;on|10px|10px|10px|10px&raquo; border_color_all=&raquo;#011420&#8243; global_colors_info=&raquo;{}&raquo; parentOrderClass=&raquo;dsm_faq_0&#8243;][\/dsm_faq_child][dsm_faq_child dsm_title=&raquo;Suksesskriterier&raquo; dsm_content=&raquo;<\/p>\n<p>Engaging<\/p>\n<p>Informal competition in unusual surroundings<\/p>\n<p>Varied tasks that challenge in different ways, practical, theoretical, and logical.<\/p>\n<p>&raquo; dsm_child_use_image=&raquo;on&raquo; dsm_open_child_image=&raquo;https:\/\/modulevent.no\/wp-content\/uploads\/2023\/01\/Suksess.svg&raquo; dsm_open_image_width=&raquo;25px&raquo; dsm_open_image_margin=&raquo;|10px|||false|false&raquo; dsm_close_child_image=&raquo;https:\/\/modulevent.no\/wp-content\/uploads\/2023\/01\/Suksess.svg&raquo; dsm_close_image_width=&raquo;25px&raquo; dsm_close_image_margin=&raquo;|10px|||false|false&raquo; dsm_open_icon_color=&raquo;#011420&#8243; _builder_version=&raquo;4.19.5&#8243; _module_preset=&raquo;default&raquo; header_item_font=&raquo;||||||||&raquo; header_item_text_color=&raquo;#011420&#8243; content_text_color=&raquo;#011420&#8243; content_line_height=&raquo;1.3em&raquo; custom_margin=&raquo;||||false|false&raquo; border_radii=&raquo;on|10px|10px|10px|10px&raquo; border_color_all=&raquo;#011420&#8243; global_colors_info=&raquo;{}&raquo; parentOrderClass=&raquo;dsm_faq_0&#8243;][\/dsm_faq_child][\/dsm_faq][\/et_pb_column][\/et_pb_row][et_pb_row _builder_version=&raquo;4.19.5&#8243; _module_preset=&raquo;default&raquo; custom_padding=&raquo;1px|||||&raquo; global_colors_info=&raquo;{}&raquo;][et_pb_column type=&raquo;4_4&#8243; _builder_version=&raquo;4.19.5&#8243; _module_preset=&raquo;default&raquo; global_colors_info=&raquo;{}&raquo;][dsm_masonry_gallery gallery_ids=&raquo;1728,1730,1729,1731,711,1727,1726&#8243; columns=&raquo;4&#8243; gutter=&raquo;10&#8243; use_lightbox=&raquo;on&raquo; lightbox_title=&raquo;off&raquo; lightbox_caption=&raquo;off&raquo; use_zoom_on_hover=&raquo;on&raquo; columns_tablet=&raquo;4&#8243; columns_phone=&raquo;2&#8243; columns_last_edited=&raquo;on|phone&raquo; gutter_tablet=&raquo;10&#8243; gutter_phone=&raquo;5&#8243; gutter_last_edited=&raquo;on|desktop&raquo; _builder_version=&raquo;4.20.4&#8243; _module_preset=&raquo;default&raquo; border_radii_grid=&raquo;on|3px|3px|3px|3px&raquo; global_colors_info=&raquo;{}&raquo;][\/dsm_masonry_gallery][\/et_pb_column][\/et_pb_row][et_pb_row _builder_version=&raquo;4.20.4&#8243; _module_preset=&raquo;default&raquo; custom_margin=&raquo;0px||0px||true|false&raquo; custom_padding=&raquo;0px||0px||true|false&raquo; global_colors_info=&raquo;{}&raquo;][et_pb_column type=&raquo;4_4&#8243; _builder_version=&raquo;4.20.4&#8243; _module_preset=&raquo;default&raquo; global_colors_info=&raquo;{}&raquo;][et_pb_text _builder_version=&raquo;4.20.4&#8243; _module_preset=&raquo;default&raquo; text_text_color=&raquo;#FFFFFF&raquo; text_font_size=&raquo;1px&raquo; link_text_color=&raquo;#FFFFFF&raquo; global_colors_info=&raquo;{}&raquo;]<\/p>\n<p>F\u00f8lg oss p\u00e5 <a href=\"https:\/\/www.facebook.com\/allonboard\/\" target=\"_blank\" rel=\"noopener\">Facebook<\/a><\/p>\n<p>[\/et_pb_text][\/et_pb_column][\/et_pb_row][\/et_pb_section]<\/p>","protected":false},"excerpt":{"rendered":"<p>Deadline \u2013 det mobile escaperoom13 siffer, 3 fors\u00f8k, 1 time.10 &#8211; 1000 pers1,5 timerHel\u00e5rsAlt dere har er en koffert og innholdet i den. Klarer dere \u00e5 knekke kodene som skurken har lagt igjen? Klarer dere \u00e5 forhindre at serveren blir dekryptert?IT-sjefen har blitt tatt i \u00e5 selge firmaets hemmeligheter, og satt ryktet deres p\u00e5 spill. [&hellip;]<\/p>","protected":false},"author":1,"featured_media":0,"parent":313,"menu_order":0,"comment_status":"closed","ping_status":"closed","template":"","meta":{"_et_pb_use_builder":"on","_et_pb_old_content":"","_et_gb_content_width":"","footnotes":""},"class_list":["post-705","page","type-page","status-publish","hentry"],"_links":{"self":[{"href":"https:\/\/modulevent.no\/en\/wp-json\/wp\/v2\/pages\/705","targetHints":{"allow":["GET"]}}],"collection":[{"href":"https:\/\/modulevent.no\/en\/wp-json\/wp\/v2\/pages"}],"about":[{"href":"https:\/\/modulevent.no\/en\/wp-json\/wp\/v2\/types\/page"}],"author":[{"embeddable":true,"href":"https:\/\/modulevent.no\/en\/wp-json\/wp\/v2\/users\/1"}],"replies":[{"embeddable":true,"href":"https:\/\/modulevent.no\/en\/wp-json\/wp\/v2\/comments?post=705"}],"version-history":[{"count":10,"href":"https:\/\/modulevent.no\/en\/wp-json\/wp\/v2\/pages\/705\/revisions"}],"predecessor-version":[{"id":1817,"href":"https:\/\/modulevent.no\/en\/wp-json\/wp\/v2\/pages\/705\/revisions\/1817"}],"up":[{"embeddable":true,"href":"https:\/\/modulevent.no\/en\/wp-json\/wp\/v2\/pages\/313"}],"wp:attachment":[{"href":"https:\/\/modulevent.no\/en\/wp-json\/wp\/v2\/media?parent=705"}],"curies":[{"name":"wp","href":"https:\/\/api.w.org\/{rel}","templated":true}]}}