{"id":1315,"date":"2023-03-14T17:37:19","date_gmt":"2023-03-14T16:37:19","guid":{"rendered":"https:\/\/modulevent.spdev.no\/?page_id=1315"},"modified":"2023-05-04T11:36:35","modified_gmt":"2023-05-04T09:36:35","slug":"eksotiske-steder","status":"publish","type":"page","link":"https:\/\/modulevent.no\/en\/aktiviteter\/eksotiske-steder\/","title":{"rendered":"Exotic places"},"content":{"rendered":"<p>[et_pb_section fb_built=&raquo;1&#8243; _builder_version=&raquo;4.20.2&#8243; _module_preset=&raquo;default&raquo; use_background_color_gradient=&raquo;on&raquo; background_color_gradient_stops=&raquo;rgba(1,20,32,0) 0%|rgba(1,20,32,0) 5%|#011420 100%&raquo; background_color_gradient_overlays_image=&raquo;on&raquo; background_image=&raquo;https:\/\/modulevent.no\/wp-content\/uploads\/2023\/03\/Fulehuk-Fyr.jpg&raquo; custom_padding=&raquo;170px||29px||false|&raquo; global_colors_info=&raquo;{}&raquo;][et_pb_row _builder_version=&raquo;4.19.4&#8243; _module_preset=&raquo;default&raquo; custom_margin=&raquo;|auto|60px|auto||&raquo; global_colors_info=&raquo;{}&raquo;][et_pb_column type=&raquo;4_4&#8243; _builder_version=&raquo;4.19.4&#8243; _module_preset=&raquo;default&raquo; global_colors_info=&raquo;{}&raquo;][et_pb_text _builder_version=&raquo;4.20.2&#8243; _module_preset=&raquo;default&raquo; text_font=&raquo;|300|||||||&raquo; text_text_color=&raquo;#FFFFFF&raquo; text_font_size=&raquo;23px&raquo; text_line_height=&raquo;1.1em&raquo; header_font=&raquo;|800|||||||&raquo; header_text_color=&raquo;#FFFFFF&raquo; header_font_size=&raquo;61px&raquo; custom_margin=&raquo;||11px|||&raquo; header_font_size_tablet=&raquo;61px&raquo; header_font_size_phone=&raquo;45px&raquo; header_font_size_last_edited=&raquo;on|phone&raquo; global_colors_info=&raquo;{}&raquo;]<\/p>\n<h1>Exotic places<\/h1>\n<p>[\/et_pb_text][et_pb_text _builder_version=&raquo;4.20.4&#8243; _module_preset=&raquo;default&raquo; text_font=&raquo;|300|||||||&raquo; text_text_color=&raquo;#FFFFFF&raquo; text_font_size=&raquo;23px&raquo; text_line_height=&raquo;1.1em&raquo; hover_enabled=&raquo;0&#8243; text_font_size_tablet=&raquo;23px&raquo; text_font_size_phone=&raquo;22px&raquo; text_font_size_last_edited=&raquo;on|phone&raquo; global_colors_info=&raquo;{}&raquo; header_2_font=&raquo;|300|||||||&raquo; header_2_text_color=&raquo;#FFFFFF&raquo; header_2_font_size=&raquo;23px&raquo; header_2_line_height=&raquo;1.1em&raquo; header_2_font_size_last_edited=&raquo;on|phone&raquo; sticky_enabled=&raquo;0&#8243; header_2_font_size_phone=&raquo;22px&raquo; header_2_font_size_tablet=&raquo;23px&raquo;]<\/p>\n<h2>Our beautiful coastline and archipelago consist of many well-known and lesser-known places.<\/h2>\n<p>[\/et_pb_text][\/et_pb_column][\/et_pb_row][et_pb_row column_structure=&raquo;1_4,1_4,1_4,1_4&#8243; use_custom_gutter=&raquo;on&raquo; gutter_width=&raquo;2&#8243; _builder_version=&raquo;4.19.4&#8243; _module_preset=&raquo;default&raquo; global_colors_info=&raquo;{}&raquo;][et_pb_column type=&raquo;1_4&#8243; _builder_version=&raquo;4.19.4&#8243; _module_preset=&raquo;default&raquo; global_colors_info=&raquo;{}&raquo;][\/et_pb_column][et_pb_column type=&raquo;1_4&#8243; _builder_version=&raquo;4.19.4&#8243; _module_preset=&raquo;default&raquo; global_colors_info=&raquo;{}&raquo;][\/et_pb_column][et_pb_column type=&raquo;1_4&#8243; _builder_version=&raquo;4.19.4&#8243; _module_preset=&raquo;default&raquo; global_colors_info=&raquo;{}&raquo;][\/et_pb_column][et_pb_column type=&raquo;1_4&#8243; _builder_version=&raquo;4.19.4&#8243; _module_preset=&raquo;default&raquo; global_colors_info=&raquo;{}&raquo;][\/et_pb_column][\/et_pb_row][\/et_pb_section][et_pb_section fb_built=&raquo;1&#8243; custom_padding_last_edited=&raquo;on|phone&raquo; _builder_version=&raquo;4.19.4&#8243; _module_preset=&raquo;default&raquo; custom_padding=&raquo;70px||70px||true|&raquo; custom_padding_tablet=&raquo;70px||70px||true|&raquo; custom_padding_phone=&raquo;30px||30px||true|false&raquo; global_colors_info=&raquo;{}&raquo;][et_pb_row module_class=&raquo;pa-inline-buttons&raquo; _builder_version=&raquo;4.19.4&#8243; _module_preset=&raquo;default&raquo; custom_margin=&raquo;|auto|29px|auto||&raquo; custom_padding=&raquo;||0px|||&raquo; global_colors_info=&raquo;{}&raquo;][et_pb_column type=&raquo;4_4&#8243; _builder_version=&raquo;4.19.4&#8243; _module_preset=&raquo;default&raquo; global_colors_info=&raquo;{}&raquo;][et_pb_text _builder_version=&raquo;4.20.2&#8243; _module_preset=&raquo;default&raquo; text_font=&raquo;|800|||||||&raquo; text_text_color=&raquo;#011420&#8243; text_font_size=&raquo;26px&raquo; text_line_height=&raquo;1.2em&raquo; text_font_size_tablet=&raquo;26px&raquo; text_font_size_phone=&raquo;21px&raquo; text_font_size_last_edited=&raquo;on|phone&raquo; global_colors_info=&raquo;{}&raquo;]<\/p>\n<p>Exotic gems that must be experienced.<\/p>\n<p>[\/et_pb_text][et_pb_text _builder_version=&raquo;4.20.2&#8243; _module_preset=&raquo;default&raquo; text_font=&raquo;|300|||||||&raquo; text_text_color=&raquo;#011420&#8243; text_font_size=&raquo;23px&raquo; text_line_height=&raquo;1.2em&raquo; custom_margin=&raquo;||19px|||&raquo; text_font_size_tablet=&raquo;23px&raquo; text_font_size_phone=&raquo;19px&raquo; text_font_size_last_edited=&raquo;on|phone&raquo; global_colors_info=&raquo;{}&raquo;]<\/p>\n<p>We have access to a variety of these gems and are happy to show them to you. How about spending the night in a decommissioned lighthouse, enjoying a delicious fish soup in a boathouse, or taking in the view at F\u00e6rder?<\/p>\n<p>As a final touch to the event, our chef can provide delicious food and drinks, good stories, and lasting memories.<\/p>\n<p>[\/et_pb_text][dsm_button button_one_text=&raquo;Kontakt oss&raquo; button_one_url=&raquo;@ET-DC@eyJkeW5hbWljIjp0cnVlLCJjb250ZW50IjoicG9zdF9saW5rX3VybF9wYWdlIiwic2V0dGluZ3MiOnsicG9zdF9pZCI6IjY1MSJ9fQ==@&raquo; button_one_icon_hover_animation=&raquo;dsm-icon-forward&raquo; button_two_icon_hover_animation=&raquo;dsm-icon-forward&raquo; _builder_version=&raquo;4.20.0&#8243; _dynamic_attributes=&raquo;button_one_url&raquo; _module_preset=&raquo;default&raquo; custom_button_one=&raquo;on&raquo; button_one_text_color=&raquo;#000000&#8243; button_one_bg_color=&raquo;#ffd362&#8243; button_one_border_width=&raquo;2px&raquo; button_one_border_color=&raquo;#ffd362&#8243; button_one_border_radius=&raquo;20px&raquo; button_one_letter_spacing=&raquo;0px&raquo; button_one_font=&raquo;Work Sans|500|||||||&raquo; button_one_icon=&raquo;&#x35;||divi||400&#8243; button_one_on_hover=&raquo;off&raquo; button_one_custom_padding=&raquo;|50px||40px|false|false&raquo; custom_button_two=&raquo;on&raquo; button_two_text_color=&raquo;#000000&#8243; button_two_border_width=&raquo;2px&raquo; button_two_border_color=&raquo;#000000&#8243; button_two_border_radius=&raquo;20px&raquo; button_two_letter_spacing=&raquo;0px&raquo; button_two_font=&raquo;Work Sans|500|||||||&raquo; button_two_icon=&raquo;&#x35;||divi||400&#8243; button_two_on_hover=&raquo;off&raquo; button_two_custom_padding=&raquo;|50px||40px|false|false&raquo; custom_margin=&raquo;35px||35px|||&raquo; hover_enabled=&raquo;0&#8243; global_colors_info=&raquo;{}&raquo; button_two_bg_color__hover_enabled=&raquo;on|hover&raquo; button_two_bg_color__hover=&raquo;#ffd362&#8243; button_two_bg_enable_color__hover=&raquo;on&raquo; button_one_bg_color__hover=&raquo;#ffd362&#8243; button_one_bg_color__hover_enabled=&raquo;on|hover&raquo; theme_builder_area=&raquo;post_content&raquo; button_one_text_size=&raquo;15px&raquo; sticky_enabled=&raquo;0&#8243;][\/dsm_button][\/et_pb_column][\/et_pb_row][et_pb_row module_class=&raquo;pa-inline-buttons&raquo; _builder_version=&raquo;4.20.2&#8243; _module_preset=&raquo;default&raquo; custom_margin=&raquo;|auto|29px|auto||&raquo; custom_padding=&raquo;||0px|||&raquo; global_colors_info=&raquo;{}&raquo;][et_pb_column type=&raquo;4_4&#8243; _builder_version=&raquo;4.19.4&#8243; _module_preset=&raquo;default&raquo; global_colors_info=&raquo;{}&raquo;][et_pb_text _builder_version=&raquo;4.20.2&#8243; _module_preset=&raquo;default&raquo; text_font=&raquo;|800|||||||&raquo; text_text_color=&raquo;#011420&#8243; text_font_size=&raquo;26px&raquo; text_line_height=&raquo;1.2em&raquo; text_font_size_tablet=&raquo;26px&raquo; text_font_size_phone=&raquo;21px&raquo; text_font_size_last_edited=&raquo;on|phone&raquo; global_colors_info=&raquo;{}&raquo;]<\/p>\n<p>The Gems:<\/p>\n<p>[\/et_pb_text][\/et_pb_column][\/et_pb_row][et_pb_row column_structure=&raquo;1_2,1_2&#8243; use_custom_gutter=&raquo;on&raquo; gutter_width=&raquo;2&#8243; make_equal=&raquo;on&raquo; _builder_version=&raquo;4.20.2&#8243; _module_preset=&raquo;default&raquo; custom_margin=&raquo;||20px||false|false&raquo; custom_padding=&raquo;0px|||||&raquo; global_colors_info=&raquo;{}&raquo;][et_pb_column type=&raquo;1_2&#8243; _builder_version=&raquo;4.20.2&#8243; _module_preset=&raquo;default&raquo; global_colors_info=&raquo;{}&raquo;][dsm_card title=&raquo;Fulehuk Fyr&raquo; layout=&raquo;inline&raquo; layout_inline_image_width=&raquo;45%&raquo; layout_inline_order=&raquo;right&raquo; content_horizontal_alignment=&raquo;flex-start&raquo; image=&raquo;https:\/\/modulevent.no\/wp-content\/uploads\/2023\/03\/Fulehuk-Fyr.jpg&raquo; image_background_height=&raquo;410px&raquo; image_width=&raquo;100%&raquo; content_padding=&raquo;30px|30px|30px|30px|true|true&raquo; button_url=&raquo;@ET-DC@eyJkeW5hbWljIjp0cnVlLCJjb250ZW50IjoicG9zdF9saW5rX3VybF9wYWdlIiwic2V0dGluZ3MiOnsicG9zdF9pZCI6IjY1MSJ9fQ==@&raquo; button_url_new_window=&raquo;1&#8243; layout_tablet=&raquo;inline&raquo; layout_phone=&raquo;stacked&raquo; layout_last_edited=&raquo;on|phone&raquo; _builder_version=&raquo;4.20.4&#8243; _dynamic_attributes=&raquo;button_url&raquo; _module_preset=&raquo;default&raquo; badge_text_color=&raquo;#091B26&#8243; header_font=&raquo;|700|||||||&raquo; header_text_color=&raquo;#091B26&#8243; header_font_size=&raquo;19px&raquo; body_font=&raquo;|300|||||||&raquo; body_text_color=&raquo;#091B26&#8243; body_font_size=&raquo;16px&raquo; body_line_height=&raquo;1.2em&raquo; subhead_font=&raquo;|300|||||||&raquo; subhead_text_color=&raquo;#091B26&#8243; subhead_font_size=&raquo;12px&raquo; subhead_line_height=&raquo;1.3em&raquo; background_color=&raquo;#EDF4F6&#8243; custom_button=&raquo;on&raquo; button_text_size=&raquo;13px&raquo; button_text_color=&raquo;#091B26&#8243; button_bg_color=&raquo;#FFD362&#8243; button_border_color=&raquo;#FFD362&#8243; button_border_radius=&raquo;33px&raquo; button_icon=&raquo;&#x35;||divi||400&#8243; button_custom_padding=&raquo;0px||0px||true|true&raquo; background_layout=&raquo;dark&raquo; hover_enabled=&raquo;0&#8243; border_radii=&raquo;on|20px|20px|20px|20px&raquo; global_colors_info=&raquo;{}&raquo; alt=&raquo;Eksotiske steder&raquo; title_text=&raquo;Fulehuk Fyr&raquo; sticky_enabled=&raquo;0&#8243;]<\/p>\n<p>The lighthouse is located at the entrance to T\u00f8nsberg, just outside Bol\u00e6rne. In the old lighthouse tower, you can enjoy the view of F\u00e6rder Lighthouse, the horizon where the sky and sea merge, and all the large boats in the Oslo Fjord. The lighthouse itself has 14 beds spread over 6 rooms, as well as 12 beds in the boathouse on the pier.<\/p>\n<p>A spectacular experience when autumn storms rip through the walls and roof, and waves crash over the mountain.<\/p>\n<p>Well suited for smaller groups who want to experience a lot.<\/p>\n<p>[\/dsm_card][\/et_pb_column][et_pb_column type=&raquo;1_2&#8243; _builder_version=&raquo;4.20.2&#8243; _module_preset=&raquo;default&raquo; global_colors_info=&raquo;{}&raquo;][dsm_card title=&raquo;Sj\u00f8bua&raquo; layout=&raquo;inline&raquo; layout_inline_image_width=&raquo;45%&raquo; layout_inline_order=&raquo;right&raquo; content_horizontal_alignment=&raquo;flex-start&raquo; image=&raquo;https:\/\/modulevent.no\/wp-content\/uploads\/2023\/03\/Mat8-855&#215;365-1.jpg&raquo; image_background_height=&raquo;410px&raquo; image_width=&raquo;100%&raquo; content_padding=&raquo;30px|30px|30px|30px|true|true&raquo; button_url=&raquo;@ET-DC@eyJkeW5hbWljIjp0cnVlLCJjb250ZW50IjoicG9zdF9saW5rX3VybF9wYWdlIiwic2V0dGluZ3MiOnsicG9zdF9pZCI6IjY1MSJ9fQ==@&raquo; button_url_new_window=&raquo;1&#8243; layout_tablet=&raquo;inline&raquo; layout_phone=&raquo;stacked&raquo; layout_last_edited=&raquo;on|phone&raquo; _builder_version=&raquo;4.20.2&#8243; _dynamic_attributes=&raquo;button_url&raquo; _module_preset=&raquo;default&raquo; badge_text_color=&raquo;#091B26&#8243; header_font=&raquo;|700|||||||&raquo; header_text_color=&raquo;#091B26&#8243; header_font_size=&raquo;19px&raquo; body_font=&raquo;|300|||||||&raquo; body_text_color=&raquo;#091B26&#8243; body_font_size=&raquo;16px&raquo; body_line_height=&raquo;1.2em&raquo; subhead_font=&raquo;|300|||||||&raquo; subhead_text_color=&raquo;#091B26&#8243; subhead_font_size=&raquo;12px&raquo; subhead_line_height=&raquo;1.3em&raquo; background_color=&raquo;#EDF4F6&#8243; custom_button=&raquo;on&raquo; button_text_size=&raquo;13px&raquo; button_text_color=&raquo;#091B26&#8243; button_bg_color=&raquo;#FFD362&#8243; button_border_color=&raquo;#FFD362&#8243; button_border_radius=&raquo;33px&raquo; button_icon=&raquo;&#x35;||divi||400&#8243; button_custom_padding=&raquo;0px||0px||true|true&raquo; background_layout=&raquo;dark&raquo; border_radii=&raquo;on|20px|20px|20px|20px&raquo; global_colors_info=&raquo;{}&raquo;]<\/p>\n<p>Our boathouse is located on Bjerk\u00f8y, right next to N\u00f8tter\u00f8y. Here, you can enjoy the late evening sun and bonfires on the beach. The boathouse has room for 30 people inside, and we supplement with tents if more space is needed.<\/p>\n<p>A large grassy field for activities such as volleyball, football, soapbox racer derby, or pentathlon. A maritime atmosphere that will give you good memories, guaranteed.<\/p>\n<p>[\/dsm_card][\/et_pb_column][\/et_pb_row][et_pb_row column_structure=&raquo;1_2,1_2&#8243; use_custom_gutter=&raquo;on&raquo; gutter_width=&raquo;2&#8243; make_equal=&raquo;on&raquo; _builder_version=&raquo;4.20.2&#8243; _module_preset=&raquo;default&raquo; custom_margin=&raquo;||20px||false|false&raquo; custom_padding=&raquo;0px|||||&raquo; global_colors_info=&raquo;{}&raquo;][et_pb_column type=&raquo;1_2&#8243; _builder_version=&raquo;4.20.2&#8243; _module_preset=&raquo;default&raquo; global_colors_info=&raquo;{}&raquo;][dsm_card title=&raquo;F\u00e6rder Fyr&raquo; layout=&raquo;inline&raquo; layout_inline_image_width=&raquo;45%&raquo; layout_inline_order=&raquo;right&raquo; content_horizontal_alignment=&raquo;flex-start&raquo; image=&raquo;https:\/\/modulevent.no\/wp-content\/uploads\/2023\/03\/Faerder-fyr.jpg&raquo; image_background_height=&raquo;350px&raquo; image_width=&raquo;100%&raquo; content_padding=&raquo;30px|30px|30px|30px|true|true&raquo; button_url=&raquo;@ET-DC@eyJkeW5hbWljIjp0cnVlLCJjb250ZW50IjoicG9zdF9saW5rX3VybF9wYWdlIiwic2V0dGluZ3MiOnsicG9zdF9pZCI6IjY1MSJ9fQ==@&raquo; button_url_new_window=&raquo;1&#8243; layout_tablet=&raquo;inline&raquo; layout_phone=&raquo;stacked&raquo; layout_last_edited=&raquo;on|phone&raquo; _builder_version=&raquo;4.20.2&#8243; _dynamic_attributes=&raquo;button_url&raquo; _module_preset=&raquo;default&raquo; badge_text_color=&raquo;#091B26&#8243; header_font=&raquo;|700|||||||&raquo; header_text_color=&raquo;#091B26&#8243; header_font_size=&raquo;19px&raquo; body_font=&raquo;|300|||||||&raquo; body_text_color=&raquo;#091B26&#8243; body_font_size=&raquo;16px&raquo; body_line_height=&raquo;1.2em&raquo; subhead_font=&raquo;|300|||||||&raquo; subhead_text_color=&raquo;#091B26&#8243; subhead_font_size=&raquo;12px&raquo; subhead_line_height=&raquo;1.3em&raquo; background_color=&raquo;#EDF4F6&#8243; custom_button=&raquo;on&raquo; button_text_size=&raquo;13px&raquo; button_text_color=&raquo;#091B26&#8243; button_bg_color=&raquo;#FFD362&#8243; button_border_color=&raquo;#FFD362&#8243; button_border_radius=&raquo;33px&raquo; button_icon=&raquo;&#x35;||divi||400&#8243; button_custom_padding=&raquo;0px||0px||true|true&raquo; background_layout=&raquo;dark&raquo; border_radii=&raquo;on|20px|20px|20px|20px&raquo; global_colors_info=&raquo;{}&raquo;]<\/p>\n<p>Perhaps Norway's most famous lighthouse. Most people have only sailed past and not been on land. The lighthouse was abandoned in 2004 and is now part of F\u00e6rder National Park. We often stop by and show off the lighthouse and tell stories, serve fish soup, or just some good drinks.<\/p>\n<p>There is currently work underway to provide overnight accommodation for up to 10 people on F\u00e6rder, and we are eagerly awaiting the result.<\/p>\n<p>[\/dsm_card][\/et_pb_column][et_pb_column type=&raquo;1_2&#8243; _builder_version=&raquo;4.20.2&#8243; _module_preset=&raquo;default&raquo; global_colors_info=&raquo;{}&raquo;][dsm_card title=&raquo;Svenner Fyr&raquo; layout=&raquo;inline&raquo; layout_inline_image_width=&raquo;45%&raquo; layout_inline_order=&raquo;right&raquo; content_horizontal_alignment=&raquo;flex-start&raquo; image=&raquo;https:\/\/modulevent.no\/wp-content\/uploads\/2023\/03\/Svenner-fyr.jpg&raquo; image_background_height=&raquo;350px&raquo; image_width=&raquo;100%&raquo; content_padding=&raquo;30px|30px|30px|30px|true|true&raquo; button_url=&raquo;@ET-DC@eyJkeW5hbWljIjp0cnVlLCJjb250ZW50IjoicG9zdF9saW5rX3VybF9wYWdlIiwic2V0dGluZ3MiOnsicG9zdF9pZCI6IjY1MSJ9fQ==@&raquo; button_url_new_window=&raquo;1&#8243; layout_tablet=&raquo;inline&raquo; layout_phone=&raquo;stacked&raquo; layout_last_edited=&raquo;on|phone&raquo; _builder_version=&raquo;4.20.2&#8243; _dynamic_attributes=&raquo;button_url&raquo; _module_preset=&raquo;default&raquo; badge_text_color=&raquo;#091B26&#8243; header_font=&raquo;|700|||||||&raquo; header_text_color=&raquo;#091B26&#8243; header_font_size=&raquo;19px&raquo; body_font=&raquo;|300|||||||&raquo; body_text_color=&raquo;#091B26&#8243; body_font_size=&raquo;16px&raquo; body_line_height=&raquo;1.2em&raquo; subhead_font=&raquo;|300|||||||&raquo; subhead_text_color=&raquo;#091B26&#8243; subhead_font_size=&raquo;12px&raquo; subhead_line_height=&raquo;1.3em&raquo; background_color=&raquo;#EDF4F6&#8243; custom_button=&raquo;on&raquo; button_text_size=&raquo;13px&raquo; button_text_color=&raquo;#091B26&#8243; button_bg_color=&raquo;#FFD362&#8243; button_border_color=&raquo;#FFD362&#8243; button_border_radius=&raquo;33px&raquo; button_icon=&raquo;&#x35;||divi||400&#8243; button_custom_padding=&raquo;0px||0px||true|true&raquo; background_layout=&raquo;dark&raquo; border_radii=&raquo;on|20px|20px|20px|20px&raquo; global_colors_info=&raquo;{}&raquo;]<\/p>\n<p>At the entrance to Stavern and Larvik, there is a completely unique lagoon, with shiny rocks, sheltered coves, and beautiful sandy beaches.<\/p>\n<p>We also have access to a boathouse on Svenner, with the possibility of making some good food and delicious drinks. There are about 20 beds available on Svenner.<\/p>\n<p>[\/dsm_card][\/et_pb_column][\/et_pb_row][et_pb_row column_structure=&raquo;1_2,1_2&#8243; use_custom_gutter=&raquo;on&raquo; gutter_width=&raquo;2&#8243; make_equal=&raquo;on&raquo; _builder_version=&raquo;4.20.2&#8243; _module_preset=&raquo;default&raquo; custom_margin=&raquo;||20px||false|false&raquo; custom_padding=&raquo;0px|||||&raquo; global_colors_info=&raquo;{}&raquo;][et_pb_column type=&raquo;1_2&#8243; _builder_version=&raquo;4.20.2&#8243; _module_preset=&raquo;default&raquo; global_colors_info=&raquo;{}&raquo;][dsm_card title=&raquo;Persisk Partytelt&raquo; layout=&raquo;inline&raquo; layout_inline_image_width=&raquo;45%&raquo; layout_inline_order=&raquo;right&raquo; content_horizontal_alignment=&raquo;flex-start&raquo; image=&raquo;https:\/\/modulevent.no\/wp-content\/uploads\/2023\/03\/download.jpg&raquo; image_background_height=&raquo;320px&raquo; image_width=&raquo;100%&raquo; content_padding=&raquo;30px|30px|30px|30px|true|true&raquo; button_url=&raquo;@ET-DC@eyJkeW5hbWljIjp0cnVlLCJjb250ZW50IjoicG9zdF9saW5rX3VybF9wYWdlIiwic2V0dGluZ3MiOnsicG9zdF9pZCI6IjY1MSJ9fQ==@&raquo; button_url_new_window=&raquo;1&#8243; layout_tablet=&raquo;inline&raquo; layout_phone=&raquo;stacked&raquo; layout_last_edited=&raquo;on|phone&raquo; _builder_version=&raquo;4.20.2&#8243; _dynamic_attributes=&raquo;button_url&raquo; _module_preset=&raquo;default&raquo; badge_text_color=&raquo;#091B26&#8243; header_font=&raquo;|700|||||||&raquo; header_text_color=&raquo;#091B26&#8243; header_font_size=&raquo;19px&raquo; body_font=&raquo;|300|||||||&raquo; body_text_color=&raquo;#091B26&#8243; body_font_size=&raquo;16px&raquo; body_line_height=&raquo;1.2em&raquo; subhead_font=&raquo;|300|||||||&raquo; subhead_text_color=&raquo;#091B26&#8243; subhead_font_size=&raquo;12px&raquo; subhead_line_height=&raquo;1.3em&raquo; background_color=&raquo;#EDF4F6&#8243; custom_button=&raquo;on&raquo; button_text_size=&raquo;13px&raquo; button_text_color=&raquo;#091B26&#8243; button_bg_color=&raquo;#FFD362&#8243; button_border_color=&raquo;#FFD362&#8243; button_border_radius=&raquo;33px&raquo; button_icon=&raquo;&#x35;||divi||400&#8243; button_custom_padding=&raquo;0px||0px||true|true&raquo; background_layout=&raquo;dark&raquo; border_radii=&raquo;on|20px|20px|20px|20px&raquo; global_colors_info=&raquo;{}&raquo;]<\/p>\n<p>Authentic Persian party tent that is an incredibly cool backdrop for various celebrations and themed parties.<\/p>\n<p>It can be set up for 70 people, recommended for about 50. The tent itself is 6 * 10 meters, about 4 meters under the roof, with an atmosphere that is incredible. Of course, we have furniture and accessories to set \"the right frame\" and atmosphere for the party itself.<\/p>\n<p>[\/dsm_card][\/et_pb_column][et_pb_column type=&raquo;1_2&#8243; _builder_version=&raquo;4.20.2&#8243; _module_preset=&raquo;default&raquo; global_colors_info=&raquo;{}&raquo;][dsm_card title=&raquo;Hytter&raquo; layout=&raquo;inline&raquo; layout_inline_image_width=&raquo;45%&raquo; layout_inline_order=&raquo;right&raquo; content_horizontal_alignment=&raquo;flex-start&raquo; image=&raquo;https:\/\/modulevent.no\/wp-content\/uploads\/2023\/03\/Hytter.jpg&raquo; image_background_height=&raquo;320px&raquo; image_width=&raquo;100%&raquo; content_padding=&raquo;30px|30px|30px|30px|true|true&raquo; button_url=&raquo;@ET-DC@eyJkeW5hbWljIjp0cnVlLCJjb250ZW50IjoicG9zdF9saW5rX3VybF9wYWdlIiwic2V0dGluZ3MiOnsicG9zdF9pZCI6IjY1MSJ9fQ==@&raquo; button_url_new_window=&raquo;1&#8243; layout_tablet=&raquo;inline&raquo; layout_phone=&raquo;stacked&raquo; layout_last_edited=&raquo;on|phone&raquo; _builder_version=&raquo;4.20.2&#8243; _dynamic_attributes=&raquo;button_url&raquo; _module_preset=&raquo;default&raquo; badge_text_color=&raquo;#091B26&#8243; header_font=&raquo;|700|||||||&raquo; header_text_color=&raquo;#091B26&#8243; header_font_size=&raquo;19px&raquo; body_font=&raquo;|300|||||||&raquo; body_text_color=&raquo;#091B26&#8243; body_font_size=&raquo;16px&raquo; body_line_height=&raquo;1.2em&raquo; subhead_font=&raquo;|300|||||||&raquo; subhead_text_color=&raquo;#091B26&#8243; subhead_font_size=&raquo;12px&raquo; subhead_line_height=&raquo;1.3em&raquo; background_color=&raquo;#EDF4F6&#8243; custom_button=&raquo;on&raquo; button_text_size=&raquo;13px&raquo; button_text_color=&raquo;#091B26&#8243; button_bg_color=&raquo;#FFD362&#8243; button_border_color=&raquo;#FFD362&#8243; button_border_radius=&raquo;33px&raquo; button_icon=&raquo;&#x35;||divi||400&#8243; button_custom_padding=&raquo;0px||0px||true|true&raquo; background_layout=&raquo;dark&raquo; border_radii=&raquo;on|20px|20px|20px|20px&raquo; global_colors_info=&raquo;{}&raquo;]<\/p>\n<p>We have access to a variety of cabins throughout the Oslo Fjord with beds for 2-30 guests. They are popular, so it pays to be early to get a spot. Simple standard but with a lot of charm and history in the walls.<\/p>\n<p>They are well suited for self-catering or we can take care of the entire experience.<\/p>\n<p>[\/dsm_card][\/et_pb_column][\/et_pb_row][et_pb_row _builder_version=&raquo;4.20.4&#8243; _module_preset=&raquo;default&raquo; custom_margin=&raquo;0px||0px||true|false&raquo; custom_padding=&raquo;0px||0px||true|false&raquo; global_colors_info=&raquo;{}&raquo; theme_builder_area=&raquo;post_content&raquo;][et_pb_column type=&raquo;4_4&#8243; _builder_version=&raquo;4.20.4&#8243; _module_preset=&raquo;default&raquo; global_colors_info=&raquo;{}&raquo; theme_builder_area=&raquo;post_content&raquo;][et_pb_text _builder_version=&raquo;4.20.4&#8243; _module_preset=&raquo;default&raquo; text_text_color=&raquo;#FFFFFF&raquo; text_font_size=&raquo;1px&raquo; link_text_color=&raquo;#FFFFFF&raquo; global_colors_info=&raquo;{}&raquo; theme_builder_area=&raquo;post_content&raquo;]<\/p>\n<p>F\u00f8lg oss p\u00e5 <a href=\"https:\/\/www.facebook.com\/allonboard\/\" target=\"_blank\" rel=\"noopener\">Facebook<\/a><\/p>\n<p>[\/et_pb_text][\/et_pb_column][\/et_pb_row][\/et_pb_section]<\/p>","protected":false},"excerpt":{"rendered":"<p>Eksotiske stederV\u00e5r flotte kystlinje og skj\u00e6rg\u00e5rd best\u00e5r av mange kjente og mindre kjente eksotiske steder.Eksotiske perler som m\u00e5 oppleves.Vi har tilgang til en rekke av disse perlene og viser de gjerne frem til dere. Hva med \u00e5 overnatte p\u00e5 et nedlagt fyr, spise en god fiskesuppe i et b\u00e5tnaust, eller nyte utsikten p\u00e5 F\u00e6rder? Som [&hellip;]<\/p>","protected":false},"author":1,"featured_media":0,"parent":313,"menu_order":0,"comment_status":"closed","ping_status":"closed","template":"","meta":{"_et_pb_use_builder":"on","_et_pb_old_content":"","_et_gb_content_width":"","footnotes":""},"class_list":["post-1315","page","type-page","status-publish","hentry"],"_links":{"self":[{"href":"https:\/\/modulevent.no\/en\/wp-json\/wp\/v2\/pages\/1315","targetHints":{"allow":["GET"]}}],"collection":[{"href":"https:\/\/modulevent.no\/en\/wp-json\/wp\/v2\/pages"}],"about":[{"href":"https:\/\/modulevent.no\/en\/wp-json\/wp\/v2\/types\/page"}],"author":[{"embeddable":true,"href":"https:\/\/modulevent.no\/en\/wp-json\/wp\/v2\/users\/1"}],"replies":[{"embeddable":true,"href":"https:\/\/modulevent.no\/en\/wp-json\/wp\/v2\/comments?post=1315"}],"version-history":[{"count":28,"href":"https:\/\/modulevent.no\/en\/wp-json\/wp\/v2\/pages\/1315\/revisions"}],"predecessor-version":[{"id":1758,"href":"https:\/\/modulevent.no\/en\/wp-json\/wp\/v2\/pages\/1315\/revisions\/1758"}],"up":[{"embeddable":true,"href":"https:\/\/modulevent.no\/en\/wp-json\/wp\/v2\/pages\/313"}],"wp:attachment":[{"href":"https:\/\/modulevent.no\/en\/wp-json\/wp\/v2\/media?parent=1315"}],"curies":[{"name":"wp","href":"https:\/\/api.w.org\/{rel}","templated":true}]}}