{"id":1275,"date":"2023-03-14T15:44:30","date_gmt":"2023-03-14T14:44:30","guid":{"rendered":"https:\/\/modulevent.spdev.no\/?page_id=1275"},"modified":"2024-01-22T13:58:01","modified_gmt":"2024-01-22T12:58:01","slug":"halden","status":"publish","type":"page","link":"https:\/\/modulevent.no\/en\/destinasjoner\/halden\/","title":{"rendered":"Halden"},"content":{"rendered":"<p>[et_pb_section fb_built=&raquo;1&#8243; custom_padding_last_edited=&raquo;on|phone&raquo; _builder_version=&raquo;4.20.4&#8243; _module_preset=&raquo;default&raquo; use_background_color_gradient=&raquo;on&raquo; background_color_gradient_stops=&raquo;rgba(1,20,32,0) 0%|rgba(1,20,32,0) 5%|#011420 100%&raquo; background_color_gradient_overlays_image=&raquo;on&raquo; background_image=&raquo;https:\/\/modulevent.no\/wp-content\/uploads\/2023\/05\/Halden_destinasjon.jpg&raquo; custom_padding=&raquo;200px||90px||false|false&raquo; custom_padding_tablet=&raquo;200px||200px||true|false&raquo; custom_padding_phone=&raquo;100px||40px||false|false&raquo; global_colors_info=&raquo;{}&raquo;][et_pb_row _builder_version=&raquo;4.19.4&#8243; _module_preset=&raquo;default&raquo; global_colors_info=&raquo;{}&raquo;][et_pb_column type=&raquo;4_4&#8243; _builder_version=&raquo;4.19.4&#8243; _module_preset=&raquo;default&raquo; global_colors_info=&raquo;{}&raquo;][et_pb_text _builder_version=&raquo;4.20.2&#8243; _module_preset=&raquo;default&raquo; header_font=&raquo;Lato|900|||||||&raquo; header_text_color=&raquo;#FFFFFF&raquo; header_font_size=&raquo;61px&raquo; custom_margin=&raquo;||8px|||&raquo; animation_direction=&raquo;bottom&raquo; header_font_size_tablet=&raquo;59px&raquo; header_font_size_phone=&raquo;45px&raquo; header_font_size_last_edited=&raquo;on|phone&raquo; global_colors_info=&raquo;{}&raquo;]<\/p>\n<h1>Halden<\/h1>\n<p>[\/et_pb_text][et_pb_text _builder_version=&raquo;4.20.2&#8243; _module_preset=&raquo;default&raquo; header_2_font=&raquo;Lato|300|||||||&raquo; header_2_text_color=&raquo;#FFFFFF&raquo; header_2_font_size=&raquo;31px&raquo; custom_margin=&raquo;||19px|||&raquo; header_2_font_size_tablet=&raquo;45px&raquo; header_2_font_size_phone=&raquo;27px&raquo; header_2_font_size_last_edited=&raquo;on|phone&raquo; global_colors_info=&raquo;{}&raquo;]<\/p>\n<h2>The city has a long and rich history, and there are many exciting cultural and historical landmarks to explore.<\/h2>\n<p>[\/et_pb_text][\/et_pb_column][\/et_pb_row][\/et_pb_section][et_pb_section fb_built=&raquo;1&#8243; custom_padding_last_edited=&raquo;on|phone&raquo; _builder_version=&raquo;4.20.2&#8243; _module_preset=&raquo;default&raquo; custom_padding_tablet=&raquo;&raquo; custom_padding_phone=&raquo;10px||||false|false&raquo; global_colors_info=&raquo;{}&raquo;][et_pb_row column_structure=&raquo;1_2,1_2&#8243; use_custom_gutter=&raquo;on&raquo; gutter_width=&raquo;2&#8243; make_equal=&raquo;on&raquo; _builder_version=&raquo;4.20.2&#8243; _module_preset=&raquo;default&raquo; custom_margin=&raquo;|auto|37px|auto||&raquo; global_colors_info=&raquo;{}&raquo;][et_pb_column type=&raquo;1_2&#8243; _builder_version=&raquo;4.20.2&#8243; _module_preset=&raquo;default&raquo; global_colors_info=&raquo;{}&raquo;][et_pb_text _builder_version=&raquo;4.20.2&#8243; _module_preset=&raquo;default&raquo; header_font=&raquo;|800|||||||&raquo; header_text_color=&raquo;#012C3D&raquo; header_font_size=&raquo;31px&raquo; header_line_height=&raquo;1.1em&raquo; custom_margin=&raquo;||10px||false|false&raquo; animation_direction=&raquo;bottom&raquo; header_font_size_tablet=&raquo;36px&raquo; header_font_size_phone=&raquo;22px&raquo; header_font_size_last_edited=&raquo;on|phone&raquo; global_colors_info=&raquo;{}&raquo;]<\/p>\n<h1>Halden is a charming town in \u00d8stfold, located idyllically on the banks of the Tista River and near the border of Sweden.<\/h1>\n<p>[\/et_pb_text][et_pb_text _builder_version=&raquo;4.20.2&#8243; _module_preset=&raquo;default&raquo; text_font=&raquo;|300|||||||&raquo; text_text_color=&raquo;#011420&#8243; text_font_size=&raquo;17px&raquo; text_line_height=&raquo;1.2em&raquo; custom_margin=&raquo;||3px|||&raquo; text_font_size_tablet=&raquo;23px&raquo; text_font_size_phone=&raquo;17px&raquo; text_font_size_last_edited=&raquo;on|phone&raquo; global_colors_info=&raquo;{}&raquo;]<\/p>\n<p>The city has a long and rich history, and there are many exciting cultural and historical landmarks to explore.<\/p>\n<p>One of the most popular attractions in Halden is Fredriksten Fortress, located on a hill overlooking the city and offering spectacular views of the fjord and the surrounding landscape. The fortress has been an important part of Norway's defense history for several centuries, and it regularly hosts concerts and other cultural events.<\/p>\n<p>Halden also has a vibrant cultural scene, with several museums, galleries, and theaters that are well worth a visit. The city is known for its beautiful old town, with cobblestone streets and cozy cafes and restaurants. Here, you can stroll along the riverfront, visit small shops and art galleries, or enjoy good food and drinks at one of the many restaurants and cafes.<\/p>\n<p>For those who enjoy the outdoors, Halden has much to offer, with great hiking opportunities in the forests and along the rivers. There are also several swimming spots and beaches in the area, as well as opportunities for activities such as fishing, kayaking, and cycling.<\/p>\n<p>Halden is a unique and charming city with a lot to offer visitors. Whether you're interested in history, culture, or simply want to enjoy nature, you'll find something that suits you here.<\/p>\n<p>[\/et_pb_text][\/et_pb_column][et_pb_column type=&raquo;1_2&#8243; _builder_version=&raquo;4.20.2&#8243; _module_preset=&raquo;default&raquo; global_colors_info=&raquo;{}&raquo;][et_pb_image src=&raquo;https:\/\/modulevent.no\/wp-content\/uploads\/2023\/05\/Halden_destinasjon.jpg&raquo; alt=&raquo;Halden&raquo; title_text=&raquo;Halden_destinasjon&raquo; module_class=&raquo;pa-full-height-image-column&raquo; _builder_version=&raquo;4.21.0&#8243; _module_preset=&raquo;default&raquo; border_radii=&raquo;on|20px|20px|20px|20px&raquo; global_colors_info=&raquo;{}&raquo;][\/et_pb_image][\/et_pb_column][\/et_pb_row][et_pb_row use_custom_gutter=&raquo;on&raquo; gutter_width=&raquo;2&#8243; make_equal=&raquo;on&raquo; _builder_version=&raquo;4.20.2&#8243; _module_preset=&raquo;default&raquo; custom_padding=&raquo;19px||3px|||&raquo; global_colors_info=&raquo;{}&raquo;][et_pb_column type=&raquo;4_4&#8243; _builder_version=&raquo;4.20.2&#8243; _module_preset=&raquo;default&raquo; global_colors_info=&raquo;{}&raquo;][et_pb_text _builder_version=&raquo;4.20.2&#8243; _module_preset=&raquo;default&raquo; header_font=&raquo;|800|||||||&raquo; header_text_color=&raquo;#012C3D&raquo; header_font_size=&raquo;28px&raquo; header_line_height=&raquo;1.1em&raquo; custom_margin=&raquo;||10px||false|false&raquo; animation_direction=&raquo;bottom&raquo; header_font_size_tablet=&raquo;36px&raquo; header_font_size_phone=&raquo;22px&raquo; header_font_size_last_edited=&raquo;on|phone&raquo; global_colors_info=&raquo;{}&raquo;]<\/p>\n<h1>Accommodation and activities<\/h1>\n<p>[\/et_pb_text][\/et_pb_column][\/et_pb_row][et_pb_row column_structure=&raquo;2_3,1_3&#8243; use_custom_gutter=&raquo;on&raquo; gutter_width=&raquo;2&#8243; make_equal=&raquo;on&raquo; _builder_version=&raquo;4.20.2&#8243; _module_preset=&raquo;default&raquo; custom_margin=&raquo;|auto|40px|auto||&raquo; custom_padding=&raquo;0px|||||&raquo; global_colors_info=&raquo;{}&raquo;][et_pb_column type=&raquo;2_3&#8243; _builder_version=&raquo;4.20.2&#8243; _module_preset=&raquo;default&raquo; global_colors_info=&raquo;{}&raquo;][dsm_card title=&raquo;Fredriksten Hotell&raquo; layout=&raquo;inline&raquo; layout_inline_order=&raquo;right&raquo; content_horizontal_alignment=&raquo;flex-start&raquo; image=&raquo;https:\/\/modulevent.no\/wp-content\/uploads\/2023\/03\/Fredriksten-Hotell.jpg&raquo; image_background_height=&raquo;380px&raquo; image_width=&raquo;100%&raquo; content_padding=&raquo;30px|30px|20px|30px|false|false&raquo; button_text=&raquo;Bes\u00f8k de her&raquo; button_url=&raquo;https:\/\/www.fredrikstenhotell.no\/&raquo; button_url_new_window=&raquo;1&#8243; layout_tablet=&raquo;inline&raquo; layout_phone=&raquo;stacked&raquo; layout_last_edited=&raquo;on|phone&raquo; image_background_height_tablet=&raquo;430px&raquo; image_background_height_phone=&raquo;200px&raquo; image_background_height_last_edited=&raquo;on|phone&raquo; _builder_version=&raquo;4.21.0&#8243; _module_preset=&raquo;default&raquo; badge_text_color=&raquo;#091B26&#8243; header_font=&raquo;|700|||||||&raquo; header_text_color=&raquo;#091B26&#8243; header_font_size=&raquo;19px&raquo; body_font=&raquo;|300|||||||&raquo; body_text_color=&raquo;#000000&#8243; body_font_size=&raquo;12px&raquo; body_line_height=&raquo;1.3em&raquo; subhead_font=&raquo;|300|||||||&raquo; subhead_text_color=&raquo;#091B26&#8243; subhead_font_size=&raquo;12px&raquo; subhead_line_height=&raquo;1.3em&raquo; body_link_text_color=&raquo;#091B26&#8243; background_color=&raquo;#EDF4F6&#8243; custom_button=&raquo;on&raquo; button_text_size=&raquo;13px&raquo; button_text_color=&raquo;#EDF4F6&#8243; button_bg_color=&raquo;#FF5F45&#8243; button_border_color=&raquo;#FF5F45&#8243; button_border_radius=&raquo;33px&raquo; button_icon=&raquo;&#x35;||divi||400&#8243; button_custom_padding=&raquo;0px||0px||true|true&raquo; border_radii=&raquo;on|20px|20px|20px|20px&raquo; global_colors_info=&raquo;{}&raquo;]<\/p>\n<p class=\"p1\">Et fullverdig hotell og konferansehotell. I 2014 var hotellet ferdig totalrenovert og med 57 unike rom er de klare for \u00e5 ta imot gjester.<\/p>\n<p class=\"p1\">The area surrounding Fredriksten Hotel is exceptional. Right outside the door lies the old fortress with several kilometers of trails and roads to freely explore. It's a perfect place to be guided around with an iPad Race.<\/p>\n<p class=\"p1\">Given the history that unfolds within the fortress, there is nothing more fitting than having Kompani Hvermansen in the old ruins of the fortress or pushing boundaries and competing with Mesternes Mester (Champion of Champions).<\/p>\n<p class=\"p1\">Other activities that are well-suited for Fredriksten includes <a href=\"https:\/\/modulevent.no\/en\/aktiviteter\/olabil-race\/\">soapbox racing<\/a>, <a href=\"https:\/\/modulevent.no\/en\/aktiviteter\/femkamp\/\">pentathlon<\/a>, <a href=\"https:\/\/modulevent.no\/en\/aktiviteter\/deadline\/\">deadline<\/a>, drone building, <a href=\"https:\/\/modulevent.no\/en\/aktiviteter\/film-award\/\">film award<\/a>, <a href=\"https:\/\/modulevent.no\/en\/aktiviteter\/paint-and-sip\/\">Paint and sip<\/a> and <a href=\"https:\/\/modulevent.no\/en\/aktiviteter\/mord-pa-hotellet\/\">murder at the hotel.<\/a>.<\/p>\n<p>[\/dsm_card][\/et_pb_column][et_pb_column type=&raquo;1_3&#8243; _builder_version=&raquo;4.20.2&#8243; _module_preset=&raquo;default&raquo; global_colors_info=&raquo;{}&raquo;][\/et_pb_column][\/et_pb_row][et_pb_row column_structure=&raquo;1_3,1_3,1_3&#8243; use_custom_gutter=&raquo;on&raquo; gutter_width=&raquo;2&#8243; make_equal=&raquo;on&raquo; disabled_on=&raquo;on|on|on&raquo; _builder_version=&raquo;4.20.2&#8243; _module_preset=&raquo;default&raquo; custom_margin=&raquo;|auto|40px|auto||&raquo; custom_padding=&raquo;0px|||||&raquo; disabled=&raquo;on&raquo; global_colors_info=&raquo;{}&raquo;][et_pb_column type=&raquo;1_3&#8243; _builder_version=&raquo;4.20.2&#8243; _module_preset=&raquo;default&raquo; global_colors_info=&raquo;{}&raquo;][dsm_card title=&raquo;Scandic Havna Hotell&raquo; content_horizontal_alignment=&raquo;flex-start&raquo; content_equal_height=&raquo;on&raquo; image=&raquo;https:\/\/modulevent.no\/wp-content\/uploads\/2023\/03\/Scandic-Havna-Tjome.jpg&raquo; image_background_height=&raquo;180px&raquo; image_width=&raquo;100%&raquo; button_text=&raquo;Bes\u00f8k de her&raquo; button_url=&raquo;https:\/\/www.scandichotels.no\/hotell\/norge\/tjome\/scandic-havna-tjome&raquo; button_url_new_window=&raquo;1&#8243; _builder_version=&raquo;4.20.2&#8243; _module_preset=&raquo;default&raquo; badge_text_color=&raquo;#091B26&#8243; header_font=&raquo;|700|||||||&raquo; header_text_color=&raquo;#091B26&#8243; header_font_size=&raquo;19px&raquo; body_font=&raquo;|300|||||||&raquo; body_text_color=&raquo;#091B26&#8243; body_font_size=&raquo;12px&raquo; body_line_height=&raquo;1.3em&raquo; subhead_font=&raquo;|300|||||||&raquo; subhead_text_color=&raquo;#091B26&#8243; subhead_font_size=&raquo;12px&raquo; subhead_line_height=&raquo;1.3em&raquo; background_color=&raquo;#EDF4F6&#8243; custom_button=&raquo;on&raquo; button_text_size=&raquo;13px&raquo; button_text_color=&raquo;#EDF4F6&#8243; button_bg_color=&raquo;#FF5F45&#8243; button_border_color=&raquo;#FF5F45&#8243; button_border_radius=&raquo;33px&raquo; button_icon=&raquo;&#x35;||divi||400&#8243; button_custom_padding=&raquo;0px||0px||true|true&raquo; border_radii=&raquo;on|20px|20px|20px|20px&raquo; global_colors_info=&raquo;{}&raquo;]<\/p>\n<p class=\"p1\">The hotel offers a variety of accommodations, including cabins, apartments, and standard hotel rooms, allowing for the opportunity to gather together in larger accommodations.<\/p>\n<p class=\"p1\">There are plenty of activity options around the hotel, and we have long focused on providing excellent team-building opportunities. In recent years, we have been a trusted provider of activities at Havna, engaging and entertaining guests both indoors and outdoors.<\/p>\n<p class=\"p1\">The area is perfect for an iPad race that can take you on a tour via Verdens Ende, or a RIB boat tour that showcases the stunning archipelago. Additionally, there are beautiful green areas that provide an ideal setting for activities such as Champion of Champions, Pentathlon, Average Joe\u2019s bootcamp, soapbox racing, and barbecuing.<\/p>\n<p class=\"p1\">Store m\u00f8terom innend\u00f8rs gir oss muligheten til \u00e5 gjennomf\u00f8re Deadline, dronebygging, malerevent, film award og mord p\u00e5 hotellet.<span class=\"Apple-converted-space\">\u00a0<\/span><\/p>\n<p>[\/dsm_card][\/et_pb_column][et_pb_column type=&raquo;1_3&#8243; _builder_version=&raquo;4.20.2&#8243; _module_preset=&raquo;default&raquo; global_colors_info=&raquo;{}&raquo;][\/et_pb_column][et_pb_column type=&raquo;1_3&#8243; _builder_version=&raquo;4.20.2&#8243; _module_preset=&raquo;default&raquo; global_colors_info=&raquo;{}&raquo;][\/et_pb_column][\/et_pb_row][\/et_pb_section]<\/p>","protected":false},"excerpt":{"rendered":"<p>HaldenByen har en lang og rik historie, og det finnes mange spennende kulturelle og historiske severdigheter \u00e5 utforske.Halden er en sjarmerende by i \u00d8stfold, som ligger idyllisk til ved bredden av Tista-elven og n\u00e6r grensen til Sverige.Byen har en lang og rik historie, og det finnes mange spennende kulturelle og historiske severdigheter \u00e5 utforske. En [&hellip;]<\/p>","protected":false},"author":1,"featured_media":0,"parent":875,"menu_order":0,"comment_status":"closed","ping_status":"closed","template":"","meta":{"_et_pb_use_builder":"on","_et_pb_old_content":"<!-- wp:divi\/placeholder \/-->","_et_gb_content_width":"","footnotes":""},"class_list":["post-1275","page","type-page","status-publish","hentry"],"_links":{"self":[{"href":"https:\/\/modulevent.no\/en\/wp-json\/wp\/v2\/pages\/1275","targetHints":{"allow":["GET"]}}],"collection":[{"href":"https:\/\/modulevent.no\/en\/wp-json\/wp\/v2\/pages"}],"about":[{"href":"https:\/\/modulevent.no\/en\/wp-json\/wp\/v2\/types\/page"}],"author":[{"embeddable":true,"href":"https:\/\/modulevent.no\/en\/wp-json\/wp\/v2\/users\/1"}],"replies":[{"embeddable":true,"href":"https:\/\/modulevent.no\/en\/wp-json\/wp\/v2\/comments?post=1275"}],"version-history":[{"count":8,"href":"https:\/\/modulevent.no\/en\/wp-json\/wp\/v2\/pages\/1275\/revisions"}],"predecessor-version":[{"id":2162,"href":"https:\/\/modulevent.no\/en\/wp-json\/wp\/v2\/pages\/1275\/revisions\/2162"}],"up":[{"embeddable":true,"href":"https:\/\/modulevent.no\/en\/wp-json\/wp\/v2\/pages\/875"}],"wp:attachment":[{"href":"https:\/\/modulevent.no\/en\/wp-json\/wp\/v2\/media?parent=1275"}],"curies":[{"name":"wp","href":"https:\/\/api.w.org\/{rel}","templated":true}]}}