{"id":1250,"date":"2023-03-14T15:20:17","date_gmt":"2023-03-14T14:20:17","guid":{"rendered":"https:\/\/modulevent.spdev.no\/?page_id=1250"},"modified":"2024-01-22T14:02:27","modified_gmt":"2024-01-22T13:02:27","slug":"koster","status":"publish","type":"page","link":"https:\/\/modulevent.no\/en\/destinasjoner\/koster\/","title":{"rendered":"Koster"},"content":{"rendered":"<p>[et_pb_section fb_built=&raquo;1&#8243; custom_padding_last_edited=&raquo;on|phone&raquo; _builder_version=&raquo;4.23.4&#8243; _module_preset=&raquo;default&raquo; use_background_color_gradient=&raquo;on&raquo; background_color_gradient_stops=&raquo;rgba(1,20,32,0) 0%|rgba(1,20,32,0) 5%|#011420 100%&raquo; background_color_gradient_overlays_image=&raquo;on&raquo; background_image=&raquo;https:\/\/modulevent.no\/wp-content\/uploads\/2023\/11\/Koster.jpg&raquo; custom_padding=&raquo;200px||90px||false|false&raquo; custom_padding_tablet=&raquo;200px||200px||true|false&raquo; custom_padding_phone=&raquo;100px||40px||false|false&raquo; global_colors_info=&raquo;{}&raquo;][et_pb_row _builder_version=&raquo;4.19.4&#8243; _module_preset=&raquo;default&raquo; global_colors_info=&raquo;{}&raquo;][et_pb_column type=&raquo;4_4&#8243; _builder_version=&raquo;4.19.4&#8243; _module_preset=&raquo;default&raquo; global_colors_info=&raquo;{}&raquo;][et_pb_text _builder_version=&raquo;4.23.4&#8243; _module_preset=&raquo;default&raquo; header_font=&raquo;Lato|900|||||||&raquo; header_text_color=&raquo;#FFFFFF&raquo; header_font_size=&raquo;61px&raquo; custom_margin=&raquo;||8px|||&raquo; animation_direction=&raquo;bottom&raquo; header_font_size_tablet=&raquo;59px&raquo; header_font_size_phone=&raquo;45px&raquo; header_font_size_last_edited=&raquo;on|phone&raquo; global_colors_info=&raquo;{}&raquo;]<\/p>\n<h1>Opplev Koster<\/h1>\n<p>[\/et_pb_text][et_pb_text _builder_version=&raquo;4.23.4&#8243; _module_preset=&raquo;default&raquo; header_2_font=&raquo;Lato|300|||||||&raquo; header_2_text_color=&raquo;#FFFFFF&raquo; header_2_font_size=&raquo;31px&raquo; custom_margin=&raquo;||19px|||&raquo; header_2_font_size_tablet=&raquo;45px&raquo; header_2_font_size_phone=&raquo;27px&raquo; header_2_font_size_last_edited=&raquo;on|phone&raquo; global_colors_info=&raquo;{}&raquo;]<\/p>\n<h2>Naturskj\u00f8nne landskap og krystallklare eventyr.<\/h2>\n<p>[\/et_pb_text][\/et_pb_column][\/et_pb_row][\/et_pb_section][et_pb_section fb_built=&raquo;1&#8243; custom_padding_last_edited=&raquo;on|phone&raquo; _builder_version=&raquo;4.20.2&#8243; _module_preset=&raquo;default&raquo; custom_padding_tablet=&raquo;&raquo; custom_padding_phone=&raquo;10px||||false|false&raquo; global_colors_info=&raquo;{}&raquo;][et_pb_row column_structure=&raquo;1_2,1_2&#8243; use_custom_gutter=&raquo;on&raquo; gutter_width=&raquo;2&#8243; make_equal=&raquo;on&raquo; _builder_version=&raquo;4.20.2&#8243; _module_preset=&raquo;default&raquo; custom_margin=&raquo;|auto|37px|auto||&raquo; global_colors_info=&raquo;{}&raquo;][et_pb_column type=&raquo;1_2&#8243; _builder_version=&raquo;4.20.2&#8243; _module_preset=&raquo;default&raquo; global_colors_info=&raquo;{}&raquo;][et_pb_text _builder_version=&raquo;4.23.4&#8243; _module_preset=&raquo;default&raquo; header_font=&raquo;|800|||||||&raquo; header_text_color=&raquo;#012C3D&raquo; header_font_size=&raquo;31px&raquo; header_line_height=&raquo;1.1em&raquo; custom_margin=&raquo;||10px||false|false&raquo; animation_direction=&raquo;bottom&raquo; header_font_size_tablet=&raquo;36px&raquo; header_font_size_phone=&raquo;22px&raquo; header_font_size_last_edited=&raquo;on|phone&raquo; global_colors_info=&raquo;{}&raquo;]<\/p>\n<h1>Bli forf\u00f8rt av Koster-\u00f8yenes magi, hvor hvert skritt \u00e5pner d\u00f8ren til et \u00f8yrike av naturskj\u00f8nne omgivelser og krystallklart vann.<\/h1>\n<p>[\/et_pb_text][et_pb_text _builder_version=&raquo;4.23.4&#8243; _module_preset=&raquo;default&raquo; text_font=&raquo;|300|||||||&raquo; text_text_color=&raquo;#011420&#8243; text_font_size=&raquo;17px&raquo; text_line_height=&raquo;1.2em&raquo; custom_margin=&raquo;||3px|||&raquo; text_font_size_tablet=&raquo;23px&raquo; text_font_size_phone=&raquo;17px&raquo; text_font_size_last_edited=&raquo;on|phone&raquo; global_colors_info=&raquo;{}&raquo;]<\/p>\n<p>Koster, med sin unike skj\u00f8nnhet, inviterer deg til \u00e5 utforske \u00f8yparadisets mystikk og oppdage eventyr som strekker seg fra strandkanten til det b\u00f8lgende havet.<\/p>\n<p>Utforsk de sjarmerende landskapene, hvor fiskehytter smykker kystlinjen og skaper en atmosf\u00e6re av ro og enkelhet.<\/p>\n<p>Koster er et sted der tiden f\u00f8les som om den st\u00e5r stille, og hvert \u00f8yeblikk blir en del av en tidl\u00f8s fortelling. Velkommen til Koster, der hvert \u00f8yeblikk blir et minne for livet.<\/p>\n<p>[\/et_pb_text][\/et_pb_column][et_pb_column type=&raquo;1_2&#8243; _builder_version=&raquo;4.20.2&#8243; _module_preset=&raquo;default&raquo; global_colors_info=&raquo;{}&raquo;][et_pb_image src=&raquo;https:\/\/modulevent.no\/wp-content\/uploads\/2023\/11\/Koster.jpg&raquo; alt=&raquo;Stavern&raquo; title_text=&raquo;Koster&raquo; module_class=&raquo;pa-full-height-image-column&raquo; _builder_version=&raquo;4.23.4&#8243; _module_preset=&raquo;default&raquo; border_radii=&raquo;on|20px|20px|20px|20px&raquo; global_colors_info=&raquo;{}&raquo;][\/et_pb_image][\/et_pb_column][\/et_pb_row][et_pb_row use_custom_gutter=&raquo;on&raquo; gutter_width=&raquo;2&#8243; make_equal=&raquo;on&raquo; disabled_on=&raquo;on|on|on&raquo; _builder_version=&raquo;4.23.4&#8243; _module_preset=&raquo;default&raquo; custom_padding=&raquo;19px||3px|||&raquo; global_colors_info=&raquo;{}&raquo;][et_pb_column type=&raquo;4_4&#8243; _builder_version=&raquo;4.20.2&#8243; _module_preset=&raquo;default&raquo; global_colors_info=&raquo;{}&raquo;][et_pb_text _builder_version=&raquo;4.20.2&#8243; _module_preset=&raquo;default&raquo; header_font=&raquo;|800|||||||&raquo; header_text_color=&raquo;#012C3D&raquo; header_font_size=&raquo;28px&raquo; header_line_height=&raquo;1.1em&raquo; custom_margin=&raquo;||10px||false|false&raquo; animation_direction=&raquo;bottom&raquo; header_font_size_tablet=&raquo;36px&raquo; header_font_size_phone=&raquo;22px&raquo; header_font_size_last_edited=&raquo;on|phone&raquo; global_colors_info=&raquo;{}&raquo;]<\/p>\n<h1>Accommodation and activities<\/h1>\n<p>[\/et_pb_text][\/et_pb_column][\/et_pb_row][et_pb_row column_structure=&raquo;1_3,1_3,1_3&#8243; use_custom_gutter=&raquo;on&raquo; gutter_width=&raquo;2&#8243; make_equal=&raquo;on&raquo; disabled_on=&raquo;on|on|on&raquo; _builder_version=&raquo;4.23.4&#8243; _module_preset=&raquo;default&raquo; custom_margin=&raquo;|auto|40px|auto||&raquo; custom_padding=&raquo;0px|||||&raquo; global_colors_info=&raquo;{}&raquo;][et_pb_column type=&raquo;1_3&#8243; _builder_version=&raquo;4.20.2&#8243; _module_preset=&raquo;default&raquo; global_colors_info=&raquo;{}&raquo;][dsm_card title=&raquo;Hotel Wassiliof&raquo; content_horizontal_alignment=&raquo;flex-start&raquo; content_equal_height=&raquo;on&raquo; image=&raquo;https:\/\/modulevent.no\/wp-content\/uploads\/2023\/03\/Hotell-Wassilioff.jpeg&raquo; image_background_height=&raquo;180px&raquo; image_width=&raquo;100%&raquo; button_text=&raquo;Bes\u00f8k de her&raquo; button_url=&raquo;https:\/\/www.wassilioff.no\/&raquo; button_url_new_window=&raquo;1&#8243; _builder_version=&raquo;4.21.0&#8243; _module_preset=&raquo;default&raquo; badge_text_color=&raquo;#091B26&#8243; header_font=&raquo;|700|||||||&raquo; header_text_color=&raquo;#091B26&#8243; header_font_size=&raquo;19px&raquo; body_font=&raquo;|300|||||||&raquo; body_text_color=&raquo;#091B26&#8243; body_font_size=&raquo;12px&raquo; body_line_height=&raquo;1.3em&raquo; subhead_font=&raquo;|300|||||||&raquo; subhead_text_color=&raquo;#091B26&#8243; subhead_font_size=&raquo;12px&raquo; subhead_line_height=&raquo;1.3em&raquo; body_link_text_color=&raquo;#091B26&#8243; background_color=&raquo;#EDF4F6&#8243; custom_button=&raquo;on&raquo; button_text_size=&raquo;13px&raquo; button_text_color=&raquo;#EDF4F6&#8243; button_bg_color=&raquo;#FF5F45&#8243; button_border_color=&raquo;#FF5F45&#8243; button_border_radius=&raquo;33px&raquo; button_icon=&raquo;&#x35;||divi||400&#8243; button_custom_padding=&raquo;0px||0px||true|true&raquo; border_radii=&raquo;on|20px|20px|20px|20px&raquo; global_colors_info=&raquo;{}&raquo;]<\/p>\n<p class=\"p1\">Wassiliof, a hotel that is part of Unike Hoteller, is located a bit further back from the bustling boat and pier life, offering a peaceful setting. This grand and historic hotel holds a wealth of history within its walls. At Wassiliof and in Stavern town center, we have been organizing teambuilding activities for several years and are well acquainted with the area. The hotel is just a stone's throw away from the sea, making it an ideal location for <a href=\"https:\/\/modulevent.no\/en\/aktiviteter\/rib\/\">RIB<\/a> or <a href=\"https:\/\/modulevent.no\/en\/aktiviteter\/seiling\/\">sailing activities<\/a> allowing guests to truly experience the magnificent archipelago.<\/p>\n<p class=\"p1\">Both outdoors and indoors, we have organized a variety of activities over the years, including <a href=\"https:\/\/modulevent.no\/en\/aktiviteter\/ipad-race\/\">Ipad Race<\/a>, <a href=\"https:\/\/modulevent.no\/en\/aktiviteter\/deadline\/\">Deadline<\/a>, <a href=\"https:\/\/modulevent.no\/en\/aktiviteter\/olabil-race\/\">Soapbox racer derby<\/a>, Grilling, <a href=\"https:\/\/modulevent.no\/en\/aktiviteter\/mesternes-mester\/\">Champion of Champions<\/a>, <a href=\"https:\/\/modulevent.no\/en\/aktiviteter\/kompani-hvermansen\/\">Average Joe\u2019s bootcamp<\/a>, Drone, <a href=\"https:\/\/modulevent.no\/en\/aktiviteter\/film-award\/\">Film award<\/a>Drone Building, and Painting Event.<\/p>\n<p>[\/dsm_card][\/et_pb_column][et_pb_column type=&raquo;1_3&#8243; _builder_version=&raquo;4.20.2&#8243; _module_preset=&raquo;default&raquo; global_colors_info=&raquo;{}&raquo;][\/et_pb_column][et_pb_column type=&raquo;1_3&#8243; _builder_version=&raquo;4.20.2&#8243; _module_preset=&raquo;default&raquo; global_colors_info=&raquo;{}&raquo;][\/et_pb_column][\/et_pb_row][\/et_pb_section]<\/p>","protected":false},"excerpt":{"rendered":"<p>Opplev KosterNaturskj\u00f8nne landskap og krystallklare eventyr.Bli forf\u00f8rt av Koster-\u00f8yenes magi, hvor hvert skritt \u00e5pner d\u00f8ren til et \u00f8yrike av naturskj\u00f8nne omgivelser og krystallklart vann.Koster, med sin unike skj\u00f8nnhet, inviterer deg til \u00e5 utforske \u00f8yparadisets mystikk og oppdage eventyr som strekker seg fra strandkanten til det b\u00f8lgende havet. Utforsk de sjarmerende landskapene, hvor fiskehytter smykker kystlinjen [&hellip;]<\/p>","protected":false},"author":1,"featured_media":0,"parent":875,"menu_order":0,"comment_status":"closed","ping_status":"closed","template":"","meta":{"_et_pb_use_builder":"on","_et_pb_old_content":"<!-- wp:divi\/placeholder \/-->","_et_gb_content_width":"","footnotes":""},"class_list":["post-1250","page","type-page","status-publish","hentry"],"_links":{"self":[{"href":"https:\/\/modulevent.no\/en\/wp-json\/wp\/v2\/pages\/1250","targetHints":{"allow":["GET"]}}],"collection":[{"href":"https:\/\/modulevent.no\/en\/wp-json\/wp\/v2\/pages"}],"about":[{"href":"https:\/\/modulevent.no\/en\/wp-json\/wp\/v2\/types\/page"}],"author":[{"embeddable":true,"href":"https:\/\/modulevent.no\/en\/wp-json\/wp\/v2\/users\/1"}],"replies":[{"embeddable":true,"href":"https:\/\/modulevent.no\/en\/wp-json\/wp\/v2\/comments?post=1250"}],"version-history":[{"count":8,"href":"https:\/\/modulevent.no\/en\/wp-json\/wp\/v2\/pages\/1250\/revisions"}],"predecessor-version":[{"id":2166,"href":"https:\/\/modulevent.no\/en\/wp-json\/wp\/v2\/pages\/1250\/revisions\/2166"}],"up":[{"embeddable":true,"href":"https:\/\/modulevent.no\/en\/wp-json\/wp\/v2\/pages\/875"}],"wp:attachment":[{"href":"https:\/\/modulevent.no\/en\/wp-json\/wp\/v2\/media?parent=1250"}],"curies":[{"name":"wp","href":"https:\/\/api.w.org\/{rel}","templated":true}]}}