{"id":1238,"date":"2023-03-14T15:09:43","date_gmt":"2023-03-14T14:09:43","guid":{"rendered":"https:\/\/modulevent.spdev.no\/?page_id=1238"},"modified":"2024-01-22T13:46:12","modified_gmt":"2024-01-22T12:46:12","slug":"moss","status":"publish","type":"page","link":"https:\/\/modulevent.no\/en\/destinasjoner\/moss\/","title":{"rendered":"Moss"},"content":{"rendered":"<p>[et_pb_section fb_built=&raquo;1&#8243; custom_padding_last_edited=&raquo;on|phone&raquo; _builder_version=&raquo;4.23.1&#8243; _module_preset=&raquo;default&raquo; use_background_color_gradient=&raquo;on&raquo; background_color_gradient_stops=&raquo;rgba(1,20,32,0) 0%|rgba(1,20,32,0) 5%|#011420 100%&raquo; background_color_gradient_overlays_image=&raquo;on&raquo; background_image=&raquo;https:\/\/modulevent.no\/wp-content\/uploads\/2023\/11\/Moss.jpg&raquo; custom_padding=&raquo;200px||90px||false|false&raquo; custom_padding_tablet=&raquo;200px||200px||true|false&raquo; custom_padding_phone=&raquo;100px||40px||false|false&raquo; global_colors_info=&raquo;{}&raquo;][et_pb_row _builder_version=&raquo;4.19.4&#8243; _module_preset=&raquo;default&raquo; global_colors_info=&raquo;{}&raquo;][et_pb_column type=&raquo;4_4&#8243; _builder_version=&raquo;4.19.4&#8243; _module_preset=&raquo;default&raquo; global_colors_info=&raquo;{}&raquo;][et_pb_text _builder_version=&raquo;4.23.1&#8243; _module_preset=&raquo;default&raquo; header_font=&raquo;Lato|900|||||||&raquo; header_text_color=&raquo;#FFFFFF&raquo; header_font_size=&raquo;61px&raquo; custom_margin=&raquo;||8px|||&raquo; animation_direction=&raquo;bottom&raquo; header_font_size_tablet=&raquo;59px&raquo; header_font_size_phone=&raquo;45px&raquo; header_font_size_last_edited=&raquo;on|phone&raquo; global_colors_info=&raquo;{}&raquo;]<\/p>\n<h1>Opplevelser i Moss<\/h1>\n<p>[\/et_pb_text][et_pb_text _builder_version=&raquo;4.23.1&#8243; _module_preset=&raquo;default&raquo; header_2_font=&raquo;Lato|300|||||||&raquo; header_2_text_color=&raquo;#FFFFFF&raquo; header_2_font_size=&raquo;31px&raquo; custom_margin=&raquo;||19px|||&raquo; header_2_font_size_tablet=&raquo;45px&raquo; header_2_font_size_phone=&raquo;27px&raquo; header_2_font_size_last_edited=&raquo;on|phone&raquo; global_colors_info=&raquo;{}&raquo;]<\/p>\n<h2>Oppdag pulsen i Norges kulturelle hjerte.<\/h2>\n<p>[\/et_pb_text][\/et_pb_column][\/et_pb_row][\/et_pb_section][et_pb_section fb_built=&raquo;1&#8243; custom_padding_last_edited=&raquo;on|phone&raquo; _builder_version=&raquo;4.20.2&#8243; _module_preset=&raquo;default&raquo; custom_padding_tablet=&raquo;&raquo; custom_padding_phone=&raquo;10px||||false|false&raquo; global_colors_info=&raquo;{}&raquo;][et_pb_row column_structure=&raquo;1_2,1_2&#8243; use_custom_gutter=&raquo;on&raquo; gutter_width=&raquo;2&#8243; make_equal=&raquo;on&raquo; _builder_version=&raquo;4.20.2&#8243; _module_preset=&raquo;default&raquo; custom_margin=&raquo;|auto|37px|auto||&raquo; global_colors_info=&raquo;{}&raquo;][et_pb_column type=&raquo;1_2&#8243; _builder_version=&raquo;4.20.2&#8243; _module_preset=&raquo;default&raquo; global_colors_info=&raquo;{}&raquo;][et_pb_text _builder_version=&raquo;4.23.1&#8243; _module_preset=&raquo;default&raquo; header_font=&raquo;|800|||||||&raquo; header_text_color=&raquo;#012C3D&raquo; header_font_size=&raquo;31px&raquo; header_line_height=&raquo;1.1em&raquo; custom_margin=&raquo;||10px||false|false&raquo; animation_direction=&raquo;bottom&raquo; header_font_size_tablet=&raquo;36px&raquo; header_font_size_phone=&raquo;22px&raquo; header_font_size_last_edited=&raquo;on|phone&raquo; global_colors_info=&raquo;{}&raquo;]<\/p>\n<h1>Moss, et levende sentrum av kunst, historie og urbane opplevelser.<\/h1>\n<p>[\/et_pb_text][et_pb_text _builder_version=&raquo;4.23.1&#8243; _module_preset=&raquo;default&raquo; text_font=&raquo;|300|||||||&raquo; text_text_color=&raquo;#011420&#8243; text_font_size=&raquo;17px&raquo; text_line_height=&raquo;1.4em&raquo; custom_margin=&raquo;||3px|||&raquo; text_font_size_tablet=&raquo;23px&raquo; text_font_size_phone=&raquo;17px&raquo; text_font_size_last_edited=&raquo;on|phone&raquo; global_colors_info=&raquo;{}&raquo;]<\/p>\n<p>Vandre gjennom byens pulserende gater, preget av moderne kunst og historiske perler side om side. Utforsk Moss kunstscene, som blomstrer i gallerier og offentlige rom, og bli kjent med byens rike industrielle arv p\u00e5 Moss by- og industrimuseum.<\/p>\n<p>Ta deg tid til \u00e5 nyte den vakre naturen som omgir Moss, med frodige parker og innsj\u00f8er som gir et pustehull i det urbane landskapet. Moss er et m\u00f8tested for kreativitet og historie, og hvert bes\u00f8k er en invitasjon til \u00e5 bli en del av byens dynamiske kulturelle klang. Velkommen til Moss, der hver gate, hvert kunstverk og hvert \u00f8yeblikk forteller en unik historie om denne spennende byen ved Oslofjorden.<\/p>\n<p>[\/et_pb_text][dsm_button button_one_text=&raquo;Kontakt oss&raquo; button_one_url=&raquo;@ET-DC@eyJkeW5hbWljIjp0cnVlLCJjb250ZW50IjoicG9zdF9saW5rX3VybF9wYWdlIiwic2V0dGluZ3MiOnsicG9zdF9pZCI6IjY1MSJ9fQ==@&raquo; button_two_url=&raquo;https:\/\/modulevent.no\/wp-content\/uploads\/2023\/05\/RIB.2023pdf.pdf&raquo; button_two_url_new_window=&raquo;on&raquo; button_one_icon_hover_animation=&raquo;dsm-icon-forward&raquo; button_two_icon_hover_animation=&raquo;dsm-icon-forward&raquo; _builder_version=&raquo;4.21.0&#8243; _dynamic_attributes=&raquo;button_one_url&raquo; _module_preset=&raquo;default&raquo; custom_button_one=&raquo;on&raquo; button_one_text_size=&raquo;16px&raquo; button_one_text_color=&raquo;#000000&#8243; button_one_bg_color=&raquo;#ffd362&#8243; button_one_border_width=&raquo;2px&raquo; button_one_border_color=&raquo;#ffd362&#8243; button_one_border_radius=&raquo;20px&raquo; button_one_letter_spacing=&raquo;0px&raquo; button_one_font=&raquo;Work Sans|500|||||||&raquo; button_one_icon=&raquo;&#x35;||divi||400&#8243; button_one_on_hover=&raquo;off&raquo; button_one_custom_padding=&raquo;|50px||40px|false|false&raquo; button_one_custom_padding_tablet=&raquo;&raquo; button_one_custom_padding_phone=&raquo;|60px||40px|false|false&raquo; button_one_custom_padding_last_edited=&raquo;on|phone&raquo; custom_button_two=&raquo;on&raquo; button_two_text_size=&raquo;16px&raquo; button_two_text_color=&raquo;#000000&#8243; button_two_border_width=&raquo;2px&raquo; button_two_border_color=&raquo;#000000&#8243; button_two_border_radius=&raquo;20px&raquo; button_two_letter_spacing=&raquo;0px&raquo; button_two_font=&raquo;Work Sans|500|||||||&raquo; button_two_icon=&raquo;&#x35;||divi||400&#8243; button_two_on_hover=&raquo;off&raquo; button_two_custom_margin=&raquo;||||false|false&raquo; button_two_custom_margin_tablet=&raquo;&raquo; button_two_custom_margin_phone=&raquo;|||0px|false|false&raquo; button_two_custom_margin_last_edited=&raquo;on|phone&raquo; button_two_custom_padding=&raquo;|50px||40px|false|false&raquo; custom_margin=&raquo;35px||2px|||&raquo; global_colors_info=&raquo;{}&raquo; button_two_bg_color__hover_enabled=&raquo;on|hover&raquo; button_two_bg_color__hover=&raquo;#091B26&#8243; button_two_bg_enable_color__hover=&raquo;on&raquo; button_one_bg_color__hover=&raquo;#ffd362&#8243; button_one_bg_color__hover_enabled=&raquo;on|hover&raquo; button_two_text_color__hover_enabled=&raquo;on|hover&raquo; button_two_text_color__hover=&raquo;#FFFFFF&raquo;][\/dsm_button][\/et_pb_column][et_pb_column type=&raquo;1_2&#8243; _builder_version=&raquo;4.20.2&#8243; _module_preset=&raquo;default&raquo; global_colors_info=&raquo;{}&raquo;][et_pb_image src=&raquo;https:\/\/modulevent.no\/wp-content\/uploads\/2023\/11\/Moss.jpg&raquo; alt=&raquo;Opplevelser i \u00c5sgardstrand. Aktiviteter i \u00c5sgardstrand&raquo; title_text=&raquo;Moss,-,Horten,Ferry,Crossing,Oslofjord,In,Norway&raquo; force_fullwidth=&raquo;on&raquo; module_class=&raquo;pa-full-height-image-column&raquo; _builder_version=&raquo;4.23.1&#8243; _module_preset=&raquo;default&raquo; border_radii=&raquo;on|20px|20px|20px|20px&raquo; global_colors_info=&raquo;{}&raquo;][\/et_pb_image][\/et_pb_column][\/et_pb_row][et_pb_row use_custom_gutter=&raquo;on&raquo; gutter_width=&raquo;2&#8243; make_equal=&raquo;on&raquo; _builder_version=&raquo;4.20.2&#8243; _module_preset=&raquo;default&raquo; custom_padding=&raquo;19px||3px|||&raquo; global_colors_info=&raquo;{}&raquo;][et_pb_column type=&raquo;4_4&#8243; _builder_version=&raquo;4.20.2&#8243; _module_preset=&raquo;default&raquo; global_colors_info=&raquo;{}&raquo;][et_pb_text _builder_version=&raquo;4.20.2&#8243; _module_preset=&raquo;default&raquo; header_font=&raquo;|800|||||||&raquo; header_text_color=&raquo;#012C3D&raquo; header_font_size=&raquo;28px&raquo; header_line_height=&raquo;1.1em&raquo; custom_margin=&raquo;||10px||false|false&raquo; animation_direction=&raquo;bottom&raquo; header_font_size_tablet=&raquo;36px&raquo; header_font_size_phone=&raquo;22px&raquo; header_font_size_last_edited=&raquo;on|phone&raquo; global_colors_info=&raquo;{}&raquo;]<\/p>\n<h1>Accommodation and activities<\/h1>\n<p>[\/et_pb_text][\/et_pb_column][\/et_pb_row][et_pb_row column_structure=&raquo;1_2,1_2&#8243; use_custom_gutter=&raquo;on&raquo; gutter_width=&raquo;2&#8243; make_equal=&raquo;on&raquo; _builder_version=&raquo;4.23.1&#8243; _module_preset=&raquo;default&raquo; custom_margin=&raquo;|auto|40px|auto||&raquo; custom_padding=&raquo;0px|||||&raquo; global_colors_info=&raquo;{}&raquo;][et_pb_column type=&raquo;1_2&#8243; _builder_version=&raquo;4.20.2&#8243; _module_preset=&raquo;default&raquo; global_colors_info=&raquo;{}&raquo;][dsm_card title=&raquo;Refsnes Gods&raquo; content_horizontal_alignment=&raquo;flex-start&raquo; content_equal_height=&raquo;on&raquo; image=&raquo;https:\/\/modulevent.no\/wp-content\/uploads\/2023\/12\/RefsnesGods.jpg&raquo; image_background_height=&raquo;270px&raquo; image_width=&raquo;100%&raquo; button_text=&raquo;Bes\u00f8k de her&raquo; button_url=&raquo;https:\/\/refsnesgods.no\/&raquo; button_url_new_window=&raquo;on&raquo; _builder_version=&raquo;4.23.1&#8243; _module_preset=&raquo;default&raquo; badge_text_color=&raquo;#091B26&#8243; header_font=&raquo;|700|||||||&raquo; header_text_color=&raquo;#091B26&#8243; header_font_size=&raquo;19px&raquo; body_font=&raquo;|300|||||||&raquo; body_text_color=&raquo;#091B26&#8243; body_font_size=&raquo;12px&raquo; body_line_height=&raquo;1.4em&raquo; subhead_font=&raquo;|300|||||||&raquo; subhead_text_color=&raquo;#091B26&#8243; subhead_font_size=&raquo;12px&raquo; subhead_line_height=&raquo;1.3em&raquo; background_color=&raquo;#EDF4F6&#8243; custom_button=&raquo;on&raquo; button_text_size=&raquo;13px&raquo; button_text_color=&raquo;#EDF4F6&#8243; button_bg_color=&raquo;#FF5F45&#8243; button_border_color=&raquo;#FF5F45&#8243; button_border_radius=&raquo;33px&raquo; button_icon=&raquo;&#x35;||divi||400&#8243; button_custom_padding=&raquo;0px||0px||true|true&raquo; border_radii=&raquo;on|20px|20px|20px|20px&raquo; global_colors_info=&raquo;{}&raquo;]<\/p>\n<p>Med sitt majestetiske blikk over Oslofjorden er Refsnes Gods en oase for de som s\u00f8ker luksus og avslapning. Hotellet, godt skjermet mot v\u00e6r og vind, er en magnet for gjester som \u00f8nsker \u00e5 utforske det eksklusive spaanlegget b\u00e5de inne og ute.\u00a0Fra den imponerende hovedinngangen, opprettholder Refnes Gods en gjennomg\u00e5ende h\u00f8y standard. Romslige m\u00f8terom, b\u00e5de moderne og elegante, gir perfekte omgivelser for innend\u00f8rs teambuilding og utend\u00f8rs eventyr.<\/p>\n<p>Nyt unike opplevelser som iPadrace gjennom sjarmerende Moss sentrum eller spenningen ved en RIB-tur ut i havgapet. Hotellet og n\u00e6romr\u00e5dene legger til rette for varierte aktiviteter som Mesternes Mester, Olabilrace, 5-kamp og Kompani Hvermansen.<\/p>\n<p class=\"p1\">Med store og elegante m\u00f8terom innend\u00f8rs, gir Refnes Gods den ideelle rammen for aktiviteter som Deadline, Paint and sip, Film award eller et spennende mordmysterium.<\/p>\n<p>[\/dsm_card][\/et_pb_column][et_pb_column type=&raquo;1_2&#8243; _builder_version=&raquo;4.20.2&#8243; _module_preset=&raquo;default&raquo; global_colors_info=&raquo;{}&raquo;][dsm_card title=&raquo;Riviera Hotel&raquo; content_horizontal_alignment=&raquo;flex-start&raquo; content_equal_height=&raquo;on&raquo; image=&raquo;https:\/\/modulevent.no\/wp-content\/uploads\/2023\/12\/Hotel-Riviera-Moss.jpg&raquo; image_background_height=&raquo;270px&raquo; image_width=&raquo;100%&raquo; button_text=&raquo;Bes\u00f8k de her&raquo; button_url=&raquo;https:\/\/hotelriviera.no\/&raquo; button_url_new_window=&raquo;on&raquo; _builder_version=&raquo;4.23.1&#8243; _module_preset=&raquo;default&raquo; badge_text_color=&raquo;#091B26&#8243; header_font=&raquo;|700|||||||&raquo; header_text_color=&raquo;#091B26&#8243; header_font_size=&raquo;19px&raquo; body_font=&raquo;|300|||||||&raquo; body_text_color=&raquo;#091B26&#8243; body_font_size=&raquo;12px&raquo; body_line_height=&raquo;1.4em&raquo; subhead_font=&raquo;|300|||||||&raquo; subhead_text_color=&raquo;#091B26&#8243; subhead_font_size=&raquo;12px&raquo; subhead_line_height=&raquo;1.3em&raquo; background_color=&raquo;#EDF4F6&#8243; custom_button=&raquo;on&raquo; button_text_size=&raquo;13px&raquo; button_text_color=&raquo;#EDF4F6&#8243; button_bg_color=&raquo;#FF5F45&#8243; button_border_color=&raquo;#FF5F45&#8243; button_border_radius=&raquo;33px&raquo; button_icon=&raquo;&#x35;||divi||400&#8243; button_custom_padding=&raquo;0px||0px||true|true&raquo; border_radii=&raquo;on|20px|20px|20px|20px&raquo; global_colors_info=&raquo;{}&raquo;]<\/p>\n<p>En unik kombinasjon av eleganse og ro. Med en nydelig utsikt og en hengivenhet til komfort, gir hotellet en eksklusiv opplevelse med sine spa-fasiliteter b\u00e5de inne og ute.<\/p>\n<p>Hotellet opprettholder en urokkelig standard fra inngangsd\u00f8ren til sengen. De moderne m\u00f8terommene gir ideelle omgivelser for innend\u00f8rs teambuilding og utend\u00f8rs eventyr. Delta i spennende opplevelser som et iPadrace gjennom den sjarmerende byen eller en adrenalinfylt RIB-b\u00e5ttur.<\/p>\n<p>N\u00e6romr\u00e5det tilbyr ideelle steder for aktiviteter som Mesternes Mester, Olabilrace eller 5-kamp. Med store og stilfulle m\u00f8terom blir Riviera Hotel det perfekte stedet for aktiviteter som Deadline, Mord p\u00e5 hotellet, eller film awards.<\/p>\n<p>[\/dsm_card][\/et_pb_column][\/et_pb_row][et_pb_row column_structure=&raquo;1_2,1_2&#8243; use_custom_gutter=&raquo;on&raquo; gutter_width=&raquo;2&#8243; make_equal=&raquo;on&raquo; _builder_version=&raquo;4.23.1&#8243; _module_preset=&raquo;default&raquo; custom_margin=&raquo;|auto|40px|auto||&raquo; custom_padding=&raquo;0px|||||&raquo; global_colors_info=&raquo;{}&raquo;][et_pb_column type=&raquo;1_2&#8243; _builder_version=&raquo;4.20.2&#8243; _module_preset=&raquo;default&raquo; global_colors_info=&raquo;{}&raquo;][dsm_card title=&raquo;St\u00f8tvig Hotel&raquo; content_horizontal_alignment=&raquo;flex-start&raquo; content_equal_height=&raquo;on&raquo; image=&raquo;https:\/\/modulevent.no\/wp-content\/uploads\/2023\/12\/Stotvig-Hotell.jpg&raquo; image_background_height=&raquo;270px&raquo; image_width=&raquo;100%&raquo; button_text=&raquo;Bes\u00f8k de her&raquo; button_url=&raquo;https:\/\/www.stotvighotel.com\/&raquo; button_url_new_window=&raquo;on&raquo; _builder_version=&raquo;4.23.1&#8243; _module_preset=&raquo;default&raquo; badge_text_color=&raquo;#091B26&#8243; header_font=&raquo;|700|||||||&raquo; header_text_color=&raquo;#091B26&#8243; header_font_size=&raquo;19px&raquo; body_font=&raquo;|300|||||||&raquo; body_text_color=&raquo;#091B26&#8243; body_font_size=&raquo;12px&raquo; body_line_height=&raquo;1.4em&raquo; subhead_font=&raquo;|300|||||||&raquo; subhead_text_color=&raquo;#091B26&#8243; subhead_font_size=&raquo;12px&raquo; subhead_line_height=&raquo;1.3em&raquo; background_color=&raquo;#EDF4F6&#8243; custom_button=&raquo;on&raquo; button_text_size=&raquo;13px&raquo; button_text_color=&raquo;#EDF4F6&#8243; button_bg_color=&raquo;#FF5F45&#8243; button_border_color=&raquo;#FF5F45&#8243; button_border_radius=&raquo;33px&raquo; button_icon=&raquo;&#x35;||divi||400&#8243; button_custom_padding=&raquo;0px||0px||true|true&raquo; border_radii=&raquo;on|20px|20px|20px|20px&raquo; global_colors_info=&raquo;{}&raquo;]<\/p>\n<p>Ved vannkanten av idylliske Larkollen, omfavner St\u00f8tvig Hotell gjester med sjarm og en unik atmosf\u00e6re. Med spektakul\u00e6r utsikt og en hengivenhet til gjestens velv\u00e6re, inviterer hotellet til en opplevelse som g\u00e5r utover det vanlige.<\/p>\n<p>St\u00f8tvig Hotel hever standarden fra det \u00f8yeblikket du g\u00e5r inn, med moderne design og en atmosf\u00e6re av avslappet eleganse. Romslige m\u00f8terom skaper det perfekte rom for b\u00e5de innend\u00f8rs teambuilding og utend\u00f8rs eventyr.<\/p>\n<p>Utforsk kystlinjen med spennende aktiviteter som en naturskj\u00f8nn terrengsykkeltur eller en b\u00e5ttur langs Oslofjorden. Hotellet tilbyr ideelle omr\u00e5der for Mesternes Mester, kreative verksteder, 5-kamp eller en avslappende bedriftsretrett.<\/p>\n<p>Med elegante m\u00f8terom innend\u00f8rs blir St\u00f8tvig Hotell et ideelt sted for aktiviteter som Deadline, Kunstneriske arrangementer, eller til og med et fengslende mordmysterium.<\/p>\n<p>[\/dsm_card][\/et_pb_column][et_pb_column type=&raquo;1_2&#8243; _builder_version=&raquo;4.20.2&#8243; _module_preset=&raquo;default&raquo; global_colors_info=&raquo;{}&raquo;][\/et_pb_column][\/et_pb_row][et_pb_row use_custom_gutter=&raquo;on&raquo; gutter_width=&raquo;2&#8243; make_equal=&raquo;on&raquo; disabled_on=&raquo;on|on|on&raquo; _builder_version=&raquo;4.23.1&#8243; _module_preset=&raquo;default&raquo; custom_padding=&raquo;0px|||||&raquo; disabled=&raquo;on&raquo; locked=&raquo;off&raquo; global_colors_info=&raquo;{}&raquo;][et_pb_column type=&raquo;4_4&#8243; _builder_version=&raquo;4.20.2&#8243; _module_preset=&raquo;default&raquo; global_colors_info=&raquo;{}&raquo;][dsm_card title=&raquo;Refsnes Gods&raquo; layout=&raquo;inline&raquo; layout_inline_image_width=&raquo;45%&raquo; content_horizontal_alignment=&raquo;flex-start&raquo; image=&raquo;https:\/\/modulevent.no\/wp-content\/uploads\/2023\/05\/Oscarsborg.jpg&raquo; image_background_height=&raquo;320px&raquo; image_width=&raquo;100%&raquo; content_padding=&raquo;30px|30px|30px|30px|true|true&raquo; button_text=&raquo;Kontakt oss&raquo; button_url=&raquo;@ET-DC@eyJkeW5hbWljIjp0cnVlLCJjb250ZW50IjoicG9zdF9saW5rX3VybF9wYWdlIiwic2V0dGluZ3MiOnsicG9zdF9pZCI6IjY1MSJ9fQ==@&raquo; button_url_new_window=&raquo;1&#8243; layout_tablet=&raquo;inline&raquo; layout_phone=&raquo;stacked&raquo; layout_last_edited=&raquo;on|phone&raquo; _builder_version=&raquo;4.23.1&#8243; _dynamic_attributes=&raquo;button_url&raquo; _module_preset=&raquo;default&raquo; badge_text_color=&raquo;#091B26&#8243; header_font=&raquo;|700|||||||&raquo; header_text_color=&raquo;#091B26&#8243; header_font_size=&raquo;19px&raquo; body_font=&raquo;|300|||||||&raquo; body_text_color=&raquo;#091B26&#8243; body_font_size=&raquo;17px&raquo; body_line_height=&raquo;1.2em&raquo; subhead_font=&raquo;|300|||||||&raquo; subhead_text_color=&raquo;#091B26&#8243; subhead_font_size=&raquo;12px&raquo; subhead_line_height=&raquo;1.3em&raquo; background_color=&raquo;#EDF4F6&#8243; custom_button=&raquo;on&raquo; button_text_size=&raquo;13px&raquo; button_text_color=&raquo;#091B26&#8243; button_bg_color=&raquo;#FFD362&#8243; button_border_color=&raquo;#FFD362&#8243; button_border_radius=&raquo;33px&raquo; button_icon=&raquo;&#x35;||divi||400&#8243; button_custom_padding=&raquo;0px||0px||true|true&raquo; border_radii=&raquo;on|20px|20px|20px|20px&raquo; global_colors_info=&raquo;{}&raquo;]<\/p>\n<p>Med sitt majestetiske blikk over Oslofjorden, er en oase for de som s\u00f8ker luksus og avslapning. Hotellet, godt skjermet mot v\u00e6r og vind, er en magnet for gjester som \u00f8nsker \u00e5 utforske det eksklusive spaanlegget b\u00e5de inne og ute.<\/p>\n<p>Fra den imponerende hovedinngangen, opprettholder Refnes Gods en gjennomg\u00e5ende h\u00f8y standard. Romslige m\u00f8terom, b\u00e5de moderne og elegante, gir perfekte omgivelser for innend\u00f8rs teambuilding og utend\u00f8rs eventyr.<\/p>\n<p>Nyt unike opplevelser som iPad-l\u00f8p gjennom sjarmerende Moss sentrum eller spenningen ved en RIB-tur ut i havgapet. Hotellet og n\u00e6romr\u00e5dene legger til rette for varierte aktiviteter som Mesternes Mester, Olabil-l\u00f8p, 5-kamp og Kompani Hvermansen.<\/p>\n<p>Med store og elegante m\u00f8terom innend\u00f8rs, gir Refnes Gods den ideelle rammen for aktiviteter som Deadline, Paint and sip, Film award eller et spennende mordmysterium.<\/p>\n<p>[\/dsm_card][\/et_pb_column][\/et_pb_row][\/et_pb_section]<\/p>","protected":false},"excerpt":{"rendered":"<p>Opplevelser i MossOppdag pulsen i Norges kulturelle hjerte.Moss, et levende sentrum av kunst, historie og urbane opplevelser.Vandre gjennom byens pulserende gater, preget av moderne kunst og historiske perler side om side. Utforsk Moss kunstscene, som blomstrer i gallerier og offentlige rom, og bli kjent med byens rike industrielle arv p\u00e5 Moss by- og industrimuseum. Ta [&hellip;]<\/p>","protected":false},"author":1,"featured_media":0,"parent":875,"menu_order":0,"comment_status":"closed","ping_status":"closed","template":"","meta":{"_et_pb_use_builder":"on","_et_pb_old_content":"<!-- wp:divi\/placeholder \/-->","_et_gb_content_width":"","footnotes":""},"class_list":["post-1238","page","type-page","status-publish","hentry"],"_links":{"self":[{"href":"https:\/\/modulevent.no\/en\/wp-json\/wp\/v2\/pages\/1238","targetHints":{"allow":["GET"]}}],"collection":[{"href":"https:\/\/modulevent.no\/en\/wp-json\/wp\/v2\/pages"}],"about":[{"href":"https:\/\/modulevent.no\/en\/wp-json\/wp\/v2\/types\/page"}],"author":[{"embeddable":true,"href":"https:\/\/modulevent.no\/en\/wp-json\/wp\/v2\/users\/1"}],"replies":[{"embeddable":true,"href":"https:\/\/modulevent.no\/en\/wp-json\/wp\/v2\/comments?post=1238"}],"version-history":[{"count":16,"href":"https:\/\/modulevent.no\/en\/wp-json\/wp\/v2\/pages\/1238\/revisions"}],"predecessor-version":[{"id":2153,"href":"https:\/\/modulevent.no\/en\/wp-json\/wp\/v2\/pages\/1238\/revisions\/2153"}],"up":[{"embeddable":true,"href":"https:\/\/modulevent.no\/en\/wp-json\/wp\/v2\/pages\/875"}],"wp:attachment":[{"href":"https:\/\/modulevent.no\/en\/wp-json\/wp\/v2\/media?parent=1238"}],"curies":[{"name":"wp","href":"https:\/\/api.w.org\/{rel}","templated":true}]}}