{"id":1217,"date":"2023-03-14T14:42:44","date_gmt":"2023-03-14T13:42:44","guid":{"rendered":"https:\/\/modulevent.spdev.no\/?page_id=1217"},"modified":"2023-05-30T16:09:25","modified_gmt":"2023-05-30T14:09:25","slug":"tjome-og-verdens-ende","status":"publish","type":"page","link":"https:\/\/modulevent.no\/en\/destinasjoner\/tjome-og-verdens-ende\/","title":{"rendered":"Tj\u00f8me og Verdens ende"},"content":{"rendered":"<p>[et_pb_section fb_built=&raquo;1&#8243; custom_padding_last_edited=&raquo;on|phone&raquo; _builder_version=&raquo;4.20.4&#8243; _module_preset=&raquo;default&raquo; use_background_color_gradient=&raquo;on&raquo; background_color_gradient_stops=&raquo;rgba(1,20,32,0) 0%|rgba(1,20,32,0) 5%|#011420 100%&raquo; background_color_gradient_overlays_image=&raquo;on&raquo; background_image=&raquo;https:\/\/modulevent.no\/wp-content\/uploads\/2023\/05\/Tjome_destinasjoner.jpg&raquo; custom_padding=&raquo;200px||90px||false|false&raquo; custom_padding_tablet=&raquo;200px||200px||true|false&raquo; custom_padding_phone=&raquo;100px||40px||false|false&raquo; global_colors_info=&raquo;{}&raquo;][et_pb_row _builder_version=&raquo;4.19.4&#8243; _module_preset=&raquo;default&raquo; global_colors_info=&raquo;{}&raquo;][et_pb_column type=&raquo;4_4&#8243; _builder_version=&raquo;4.19.4&#8243; _module_preset=&raquo;default&raquo; global_colors_info=&raquo;{}&raquo;][et_pb_text _builder_version=&raquo;4.20.2&#8243; _module_preset=&raquo;default&raquo; header_font=&raquo;Lato|900|||||||&raquo; header_text_color=&raquo;#FFFFFF&raquo; header_font_size=&raquo;61px&raquo; custom_margin=&raquo;||8px|||&raquo; animation_direction=&raquo;bottom&raquo; header_font_size_tablet=&raquo;59px&raquo; header_font_size_phone=&raquo;45px&raquo; header_font_size_last_edited=&raquo;on|phone&raquo; global_colors_info=&raquo;{}&raquo;]<\/p>\n<h1>Tj\u00f8me og Verdens ende.<\/h1>\n<p>[\/et_pb_text][et_pb_text _builder_version=&raquo;4.21.0&#8243; _module_preset=&raquo;default&raquo; header_2_font=&raquo;Lato|300|||||||&raquo; header_2_text_color=&raquo;#FFFFFF&raquo; header_2_font_size=&raquo;31px&raquo; custom_margin=&raquo;||19px|||&raquo; hover_enabled=&raquo;0&#8243; header_2_font_size_tablet=&raquo;45px&raquo; header_2_font_size_phone=&raquo;27px&raquo; header_2_font_size_last_edited=&raquo;on|phone&raquo; global_colors_info=&raquo;{}&raquo; sticky_enabled=&raquo;0&#8243;]<\/p>\n<h2>Tj\u00f8me and Verdens Ende have something to offer for everyone, whether you want to enjoy nature and tranquility or experience culture and history.\u00a0<\/h2>\n<p>[\/et_pb_text][\/et_pb_column][\/et_pb_row][\/et_pb_section][et_pb_section fb_built=&raquo;1&#8243; custom_padding_last_edited=&raquo;on|phone&raquo; _builder_version=&raquo;4.20.2&#8243; _module_preset=&raquo;default&raquo; custom_padding_tablet=&raquo;&raquo; custom_padding_phone=&raquo;10px||||false|false&raquo; global_colors_info=&raquo;{}&raquo;][et_pb_row column_structure=&raquo;1_2,1_2&#8243; use_custom_gutter=&raquo;on&raquo; gutter_width=&raquo;2&#8243; make_equal=&raquo;on&raquo; _builder_version=&raquo;4.20.2&#8243; _module_preset=&raquo;default&raquo; custom_margin=&raquo;|auto|37px|auto||&raquo; global_colors_info=&raquo;{}&raquo;][et_pb_column type=&raquo;1_2&#8243; _builder_version=&raquo;4.20.2&#8243; _module_preset=&raquo;default&raquo; global_colors_info=&raquo;{}&raquo;][et_pb_text _builder_version=&raquo;4.20.2&#8243; _module_preset=&raquo;default&raquo; header_font=&raquo;|800|||||||&raquo; header_text_color=&raquo;#012C3D&raquo; header_font_size=&raquo;31px&raquo; header_line_height=&raquo;1.1em&raquo; custom_margin=&raquo;||10px||false|false&raquo; animation_direction=&raquo;bottom&raquo; header_font_size_tablet=&raquo;36px&raquo; header_font_size_phone=&raquo;22px&raquo; header_font_size_last_edited=&raquo;on|phone&raquo; global_colors_info=&raquo;{}&raquo;]<\/p>\n<h1>Tj\u00f8me is an idyllic island in Vestfold with long sandy beaches, majestic cliffs, and a relaxing atmosphere.<\/h1>\n<p>[\/et_pb_text][et_pb_text _builder_version=&raquo;4.20.2&#8243; _module_preset=&raquo;default&raquo; text_font=&raquo;|300|||||||&raquo; text_text_color=&raquo;#011420&#8243; text_font_size=&raquo;17px&raquo; text_line_height=&raquo;1.2em&raquo; custom_margin=&raquo;||3px|||&raquo; text_font_size_tablet=&raquo;23px&raquo; text_font_size_phone=&raquo;17px&raquo; text_font_size_last_edited=&raquo;on|phone&raquo; global_colors_info=&raquo;{}&raquo;]<\/p>\n<p>The island is particularly known for Verdens Ende (The End of the World), located at the southern tip of Tj\u00f8me. Verdens Ende is a popular tourist destination that offers a breathtaking view of the archipelago and the sea.<\/p>\n<p>Tj\u00f8me also has a lot to offer for those who want to experience nature and the beautiful landscape of the island. Here, you will find several great hiking trails, cycling routes, and kayak rentals to explore the island. The island also boasts several beaches, including the popular Hvasser beach, which attracts visitors from all over the country.<\/p>\n<p>For those interested in culture and history, there are several exciting places to visit on Tj\u00f8me. You can, for example, visit the Whaling Museum at \u00d8deg\u00e5rden, which showcases the history of Norwegian whaling. The island also has a rich cultural history dating back to the Viking Age, and there are several historical sites to explore.<\/p>\n<p>Tj\u00f8me is an island that has something to offer for everyone, whether you want to enjoy nature and tranquility or experience culture and history. Take a trip to Tj\u00f8me and discover everything this fantastic island has to offer!<\/p>\n<p>[\/et_pb_text][\/et_pb_column][et_pb_column type=&raquo;1_2&#8243; _builder_version=&raquo;4.20.2&#8243; _module_preset=&raquo;default&raquo; global_colors_info=&raquo;{}&raquo;][et_pb_image src=&raquo;https:\/\/modulevent.no\/wp-content\/uploads\/2023\/05\/Tjome_destinasjoner.jpg&raquo; title_text=&raquo;Tjome_destinasjoner&raquo; module_class=&raquo;pa-full-height-image-column&raquo; _builder_version=&raquo;4.21.0&#8243; _module_preset=&raquo;default&raquo; hover_enabled=&raquo;0&#8243; border_radii=&raquo;on|20px|20px|20px|20px&raquo; global_colors_info=&raquo;{}&raquo; alt=&raquo;Tj\u00f8me og verdens ende&raquo; sticky_enabled=&raquo;0&#8243;][\/et_pb_image][\/et_pb_column][\/et_pb_row][et_pb_row use_custom_gutter=&raquo;on&raquo; gutter_width=&raquo;2&#8243; make_equal=&raquo;on&raquo; _builder_version=&raquo;4.20.2&#8243; _module_preset=&raquo;default&raquo; custom_padding=&raquo;19px||3px|||&raquo; global_colors_info=&raquo;{}&raquo;][et_pb_column type=&raquo;4_4&#8243; _builder_version=&raquo;4.20.2&#8243; _module_preset=&raquo;default&raquo; global_colors_info=&raquo;{}&raquo;][et_pb_text _builder_version=&raquo;4.20.2&#8243; _module_preset=&raquo;default&raquo; header_font=&raquo;|800|||||||&raquo; header_text_color=&raquo;#012C3D&raquo; header_font_size=&raquo;28px&raquo; header_line_height=&raquo;1.1em&raquo; custom_margin=&raquo;||10px||false|false&raquo; animation_direction=&raquo;bottom&raquo; header_font_size_tablet=&raquo;36px&raquo; header_font_size_phone=&raquo;22px&raquo; header_font_size_last_edited=&raquo;on|phone&raquo; global_colors_info=&raquo;{}&raquo;]<\/p>\n<h1>Accommodation and activities<\/h1>\n<p>[\/et_pb_text][\/et_pb_column][\/et_pb_row][et_pb_row column_structure=&raquo;2_3,1_3&#8243; use_custom_gutter=&raquo;on&raquo; gutter_width=&raquo;2&#8243; make_equal=&raquo;on&raquo; _builder_version=&raquo;4.20.2&#8243; _module_preset=&raquo;default&raquo; custom_margin=&raquo;|auto|40px|auto||&raquo; custom_padding=&raquo;0px|||||&raquo; global_colors_info=&raquo;{}&raquo;][et_pb_column type=&raquo;2_3&#8243; _builder_version=&raquo;4.20.2&#8243; _module_preset=&raquo;default&raquo; global_colors_info=&raquo;{}&raquo;][dsm_card title=&raquo;Scandic Havna Hotell&raquo; layout=&raquo;inline&raquo; layout_inline_order=&raquo;right&raquo; content_horizontal_alignment=&raquo;flex-start&raquo; image=&raquo;https:\/\/modulevent.no\/wp-content\/uploads\/2023\/03\/Scandic-Havna-Tjome.jpg&raquo; image_background_height=&raquo;430px&raquo; image_width=&raquo;100%&raquo; content_padding=&raquo;30px|30px|20px|30px|false|false&raquo; button_text=&raquo;Bes\u00f8k de her&raquo; button_url=&raquo;https:\/\/www.scandichotels.no\/hotell\/norge\/tjome\/scandic-havna-tjome&raquo; button_url_new_window=&raquo;1&#8243; layout_tablet=&raquo;inline&raquo; layout_phone=&raquo;stacked&raquo; layout_last_edited=&raquo;on|phone&raquo; image_background_height_tablet=&raquo;430px&raquo; image_background_height_phone=&raquo;200px&raquo; image_background_height_last_edited=&raquo;on|phone&raquo; _builder_version=&raquo;4.21.0&#8243; _module_preset=&raquo;default&raquo; badge_text_color=&raquo;#091B26&#8243; header_font=&raquo;|700|||||||&raquo; header_text_color=&raquo;#091B26&#8243; header_font_size=&raquo;19px&raquo; body_font=&raquo;|300|||||||&raquo; body_text_color=&raquo;#000000&#8243; body_font_size=&raquo;12px&raquo; body_line_height=&raquo;1.3em&raquo; subhead_font=&raquo;|300|||||||&raquo; subhead_text_color=&raquo;#091B26&#8243; subhead_font_size=&raquo;12px&raquo; subhead_line_height=&raquo;1.3em&raquo; background_color=&raquo;#EDF4F6&#8243; custom_button=&raquo;on&raquo; button_text_size=&raquo;13px&raquo; button_text_color=&raquo;#EDF4F6&#8243; button_bg_color=&raquo;#FF5F45&#8243; button_border_color=&raquo;#FF5F45&#8243; button_border_radius=&raquo;33px&raquo; button_icon=&raquo;&#x35;||divi||400&#8243; button_custom_padding=&raquo;0px||0px||true|true&raquo; hover_enabled=&raquo;0&#8243; border_radii=&raquo;on|20px|20px|20px|20px&raquo; global_colors_info=&raquo;{}&raquo; sticky_enabled=&raquo;0&#8243; body_link_text_color=&raquo;#000000&#8243;]<\/p>\n<p class=\"p1\">The hotel offers a variety of accommodations, including cabins, apartments, and standard hotel rooms, allowing for the opportunity to gather together in larger accommodations.<\/p>\n<p class=\"p1\">There are plenty of activity options around the hotel, and we have long focused on providing excellent team-building opportunities. In recent years, we have been a trusted provider of activities at Havna, engaging and entertaining guests both indoors and outdoors.<\/p>\n<p class=\"p1\">The area is perfect for an iPad race that can take you on a tour via Verdens Ende, or a RIB boat tour that showcases the stunning archipelago. Additionally, there are beautiful green areas that provide an ideal setting for activities such as Champion of Champions, Pentathlon, Average Joe\u2019s bootcamp, soapbox racing, and barbecuing.<\/p>\n<p class=\"p1\">Large indoor meeting rooms give us the opportunity to organize activities such as <a href=\"https:\/\/modulevent.no\/en\/aktiviteter\/deadline\/\">Deadline<\/a>, drone building, painting events, <a href=\"https:\/\/modulevent.no\/en\/aktiviteter\/film-award\/\">film award<\/a> and <a href=\"https:\/\/modulevent.no\/en\/aktiviteter\/mord-pa-hotellet\/\">Murder at the hotel.<\/a><\/p>\n<p>[\/dsm_card][\/et_pb_column][et_pb_column type=&raquo;1_3&#8243; _builder_version=&raquo;4.20.2&#8243; _module_preset=&raquo;default&raquo; global_colors_info=&raquo;{}&raquo;][\/et_pb_column][\/et_pb_row][\/et_pb_section]<\/p>","protected":false},"excerpt":{"rendered":"<p>Tj\u00f8me og Verdens ende.Tj\u00f8me og Verdens ende har noe \u00e5 tilby for alle, enten du vil nyte naturen og roen, eller oppleve kultur og historie.\u00a0Tj\u00f8me er en idyllisk \u00f8y i Vestfold med lange sandstrender, majestetiske klipper og en avslappende atmosf\u00e6re.\u00d8ya er spesielt kjent for Verdens ende, som ligger p\u00e5 sydspissen av Tj\u00f8me. Verdens ende er [&hellip;]<\/p>","protected":false},"author":1,"featured_media":0,"parent":875,"menu_order":0,"comment_status":"closed","ping_status":"closed","template":"","meta":{"_et_pb_use_builder":"on","_et_pb_old_content":"<!-- wp:divi\/placeholder \/-->","_et_gb_content_width":"","footnotes":""},"class_list":["post-1217","page","type-page","status-publish","hentry"],"_links":{"self":[{"href":"https:\/\/modulevent.no\/en\/wp-json\/wp\/v2\/pages\/1217","targetHints":{"allow":["GET"]}}],"collection":[{"href":"https:\/\/modulevent.no\/en\/wp-json\/wp\/v2\/pages"}],"about":[{"href":"https:\/\/modulevent.no\/en\/wp-json\/wp\/v2\/types\/page"}],"author":[{"embeddable":true,"href":"https:\/\/modulevent.no\/en\/wp-json\/wp\/v2\/users\/1"}],"replies":[{"embeddable":true,"href":"https:\/\/modulevent.no\/en\/wp-json\/wp\/v2\/comments?post=1217"}],"version-history":[{"count":11,"href":"https:\/\/modulevent.no\/en\/wp-json\/wp\/v2\/pages\/1217\/revisions"}],"predecessor-version":[{"id":1894,"href":"https:\/\/modulevent.no\/en\/wp-json\/wp\/v2\/pages\/1217\/revisions\/1894"}],"up":[{"embeddable":true,"href":"https:\/\/modulevent.no\/en\/wp-json\/wp\/v2\/pages\/875"}],"wp:attachment":[{"href":"https:\/\/modulevent.no\/en\/wp-json\/wp\/v2\/media?parent=1217"}],"curies":[{"name":"wp","href":"https:\/\/api.w.org\/{rel}","templated":true}]}}