{"id":1180,"date":"2023-03-13T08:53:16","date_gmt":"2023-03-13T07:53:16","guid":{"rendered":"https:\/\/modulevent.spdev.no\/?page_id=1180"},"modified":"2023-05-04T10:53:34","modified_gmt":"2023-05-04T08:53:34","slug":"faerder","status":"publish","type":"page","link":"https:\/\/modulevent.no\/en\/aktiviteter\/faerder\/","title":{"rendered":"F\u00e6rder"},"content":{"rendered":"<p>[et_pb_section fb_built=&raquo;1&#8243; _builder_version=&raquo;4.20.2&#8243; _module_preset=&raquo;default&raquo; use_background_color_gradient=&raquo;on&raquo; background_color_gradient_stops=&raquo;rgba(1,20,32,0) 0%|rgba(1,20,32,0) 5%|#011420 100%&raquo; background_color_gradient_overlays_image=&raquo;on&raquo; background_image=&raquo;https:\/\/modulevent.no\/wp-content\/uploads\/2023\/03\/Faerder3-855&#215;365-1.jpg&raquo; custom_padding=&raquo;170px||29px||false|&raquo; global_colors_info=&raquo;{}&raquo;][et_pb_row _builder_version=&raquo;4.19.4&#8243; _module_preset=&raquo;default&raquo; custom_margin=&raquo;|auto|60px|auto||&raquo; global_colors_info=&raquo;{}&raquo;][et_pb_column type=&raquo;4_4&#8243; _builder_version=&raquo;4.19.4&#8243; _module_preset=&raquo;default&raquo; global_colors_info=&raquo;{}&raquo;][et_pb_text _builder_version=&raquo;4.20.2&#8243; _module_preset=&raquo;default&raquo; text_font=&raquo;|300|||||||&raquo; text_text_color=&raquo;#FFFFFF&raquo; text_font_size=&raquo;23px&raquo; text_line_height=&raquo;1.1em&raquo; header_font=&raquo;|800|||||||&raquo; header_text_color=&raquo;#FFFFFF&raquo; header_font_size=&raquo;61px&raquo; custom_margin=&raquo;||11px|||&raquo; header_font_size_tablet=&raquo;61px&raquo; header_font_size_phone=&raquo;45px&raquo; header_font_size_last_edited=&raquo;on|phone&raquo; global_colors_info=&raquo;{}&raquo;]<\/p>\n<h1>F\u00e6rder National Park<\/h1>\n<p>[\/et_pb_text][et_pb_text _builder_version=&raquo;4.20.4&#8243; _module_preset=&raquo;default&raquo; text_font=&raquo;|300|||||||&raquo; text_text_color=&raquo;#FFFFFF&raquo; text_font_size=&raquo;23px&raquo; text_line_height=&raquo;1.1em&raquo; hover_enabled=&raquo;0&#8243; text_font_size_tablet=&raquo;23px&raquo; text_font_size_phone=&raquo;22px&raquo; text_font_size_last_edited=&raquo;on|phone&raquo; global_colors_info=&raquo;{}&raquo; sticky_enabled=&raquo;0&#8243; header_2_font=&raquo;|300|||||||&raquo; header_2_text_color=&raquo;#FFFFFF&raquo; header_2_font_size=&raquo;22px&raquo; header_2_line_height=&raquo;1.1em&raquo; header_2_font_size_last_edited=&raquo;on|desktop&raquo; header_2_font_size_tablet=&raquo;22px&raquo; header_2_font_size_phone=&raquo;22px&raquo;]<\/p>\n<h2 class=\"translation-block\">Experience the national park up close<\/h2>\n<p>[\/et_pb_text][\/et_pb_column][\/et_pb_row][et_pb_row column_structure=&raquo;1_4,1_4,1_4,1_4&#8243; use_custom_gutter=&raquo;on&raquo; gutter_width=&raquo;2&#8243; _builder_version=&raquo;4.19.4&#8243; _module_preset=&raquo;default&raquo; global_colors_info=&raquo;{}&raquo;][et_pb_column type=&raquo;1_4&#8243; _builder_version=&raquo;4.19.4&#8243; _module_preset=&raquo;default&raquo; global_colors_info=&raquo;{}&raquo;][\/et_pb_column][et_pb_column type=&raquo;1_4&#8243; _builder_version=&raquo;4.19.4&#8243; _module_preset=&raquo;default&raquo; global_colors_info=&raquo;{}&raquo;][\/et_pb_column][et_pb_column type=&raquo;1_4&#8243; _builder_version=&raquo;4.19.4&#8243; _module_preset=&raquo;default&raquo; global_colors_info=&raquo;{}&raquo;][\/et_pb_column][et_pb_column type=&raquo;1_4&#8243; _builder_version=&raquo;4.19.4&#8243; _module_preset=&raquo;default&raquo; global_colors_info=&raquo;{}&raquo;][\/et_pb_column][\/et_pb_row][\/et_pb_section][et_pb_section fb_built=&raquo;1&#8243; custom_padding_last_edited=&raquo;on|phone&raquo; _builder_version=&raquo;4.19.4&#8243; _module_preset=&raquo;default&raquo; custom_padding=&raquo;70px||70px||true|&raquo; custom_padding_tablet=&raquo;70px||70px||true|&raquo; custom_padding_phone=&raquo;30px||30px||true|false&raquo; global_colors_info=&raquo;{}&raquo;][et_pb_row module_class=&raquo;pa-inline-buttons&raquo; _builder_version=&raquo;4.20.4&#8243; _module_preset=&raquo;default&raquo; custom_margin=&raquo;|auto|29px|auto||&raquo; custom_padding=&raquo;||0px|||&raquo; hover_enabled=&raquo;0&#8243; global_colors_info=&raquo;{}&raquo; column_structure=&raquo;2_3,1_3&#8243; make_equal=&raquo;on&raquo; sticky_enabled=&raquo;0&#8243;][et_pb_column type=&raquo;2_3&#8243; _builder_version=&raquo;4.19.4&#8243; _module_preset=&raquo;default&raquo; global_colors_info=&raquo;{}&raquo;][et_pb_text _builder_version=&raquo;4.20.2&#8243; _module_preset=&raquo;default&raquo; text_font=&raquo;|800|||||||&raquo; text_text_color=&raquo;#011420&#8243; text_font_size=&raquo;26px&raquo; text_line_height=&raquo;1.2em&raquo; text_font_size_tablet=&raquo;26px&raquo; text_font_size_phone=&raquo;21px&raquo; text_font_size_last_edited=&raquo;on|phone&raquo; global_colors_info=&raquo;{}&raquo;]<\/p>\n<p>Unique archipelago that must be experienced<\/p>\n<p>[\/et_pb_text][et_pb_text _builder_version=&raquo;4.20.2&#8243; _module_preset=&raquo;default&raquo; text_font=&raquo;|300|||||||&raquo; text_text_color=&raquo;#011420&#8243; text_font_size=&raquo;23px&raquo; text_line_height=&raquo;1.2em&raquo; custom_margin=&raquo;||19px|||&raquo; text_font_size_tablet=&raquo;23px&raquo; text_font_size_phone=&raquo;19px&raquo; text_font_size_last_edited=&raquo;on|phone&raquo; global_colors_info=&raquo;{}&raquo;]<\/p>\n<p>The nature in F\u00e6rder National Park has been shaped by human activity for thousands of years. Traces of permanent settlements, fishing, small-scale farming, shipping, war, and abandonment can be seen everywhere. At the same time, the area has a very diverse flora and fauna. Plants and insects that are hardly found elsewhere live here.<\/p>\n<p>F\u00e6rder National Park covers 340 square kilometers of mainland, islands, islets, and seabed in Tj\u00f8me and N\u00f8tter\u00f8y municipality. It stretches from Orm\u00f8y in the north to F\u00e6rder lighthouse in the south. The islands south of Hvasser, Verdens Ende - \u201cThe world's end\u201d, and Moutmarka are included in the national park. In the middle of the Oslo Fjord, F\u00e6rder National Park borders Ytre Hvaler National Park.<\/p>\n<p>[\/et_pb_text][\/et_pb_column][et_pb_column type=&raquo;1_3&#8243; _builder_version=&raquo;4.19.4&#8243; _module_preset=&raquo;default&raquo; global_colors_info=&raquo;{}&raquo;][et_pb_image src=&raquo;https:\/\/modulevent.no\/wp-content\/uploads\/2023\/05\/Faerder-nasjonalpark.jpg&raquo; _builder_version=&raquo;4.20.4&#8243; _module_preset=&raquo;default&raquo; alt=&raquo;F\u00e6rder. Opplev f\u00e6rder nasjonalpark&raquo; title_text=&raquo;F\u00e6rder-nasjonalpark&raquo; hover_enabled=&raquo;0&#8243; sticky_enabled=&raquo;0&#8243; border_radii=&raquo;on|10px|10px|10px|10px&raquo; module_class=&raquo;pa-full-height-image-column&raquo;][\/et_pb_image][\/et_pb_column][\/et_pb_row][et_pb_row column_structure=&raquo;1_2,1_2&#8243; module_class=&raquo;pa-inline-buttons&raquo; _builder_version=&raquo;4.19.4&#8243; _module_preset=&raquo;default&raquo; custom_margin=&raquo;|auto|29px|auto||&raquo; custom_padding=&raquo;||0px|||&raquo; global_colors_info=&raquo;{}&raquo;][et_pb_column type=&raquo;1_2&#8243; _builder_version=&raquo;4.19.4&#8243; _module_preset=&raquo;default&raquo; global_colors_info=&raquo;{}&raquo;][et_pb_text _builder_version=&raquo;4.20.2&#8243; _module_preset=&raquo;default&raquo; text_font=&raquo;|300|||||||&raquo; text_text_color=&raquo;#011420&#8243; text_font_size=&raquo;23px&raquo; text_line_height=&raquo;1.2em&raquo; custom_margin=&raquo;||19px|||&raquo; text_font_size_tablet=&raquo;23px&raquo; text_font_size_phone=&raquo;19px&raquo; text_font_size_last_edited=&raquo;on|phone&raquo; global_colors_info=&raquo;{}&raquo;]<\/p>\n<p><strong>Outdoor Activities<\/strong><\/p>\n<p>F\u00e6rder National Park is one of the country's most important areas for coastal outdoor activities, and large areas are secured as publicly owned recreational areas. Boat trips, kayaking, water sports, hiking, fishing, and swimming are popular activities here. In addition to being an important area for permanent residents and cottage owners, the proximity to T\u00f8nsberg city and the densely populated Oslo area make F\u00e6rder National Park widely used.<\/p>\n<p>[\/et_pb_text][dsm_button button_one_text=&raquo;Kontakt oss&raquo; button_one_url=&raquo;@ET-DC@eyJkeW5hbWljIjp0cnVlLCJjb250ZW50IjoicG9zdF9saW5rX3VybF9wYWdlIiwic2V0dGluZ3MiOnsicG9zdF9pZCI6IjY1MSJ9fQ==@&raquo; button_one_icon_hover_animation=&raquo;dsm-icon-forward&raquo; button_two_icon_hover_animation=&raquo;dsm-icon-forward&raquo; _builder_version=&raquo;4.20.0&#8243; _dynamic_attributes=&raquo;button_one_url&raquo; _module_preset=&raquo;default&raquo; custom_button_one=&raquo;on&raquo; button_one_text_color=&raquo;#000000&#8243; button_one_bg_color=&raquo;#ffd362&#8243; button_one_border_width=&raquo;2px&raquo; button_one_border_color=&raquo;#ffd362&#8243; button_one_border_radius=&raquo;20px&raquo; button_one_letter_spacing=&raquo;0px&raquo; button_one_font=&raquo;Work Sans|500|||||||&raquo; button_one_icon=&raquo;&#x35;||divi||400&#8243; button_one_on_hover=&raquo;off&raquo; button_one_custom_padding=&raquo;|50px||40px|false|false&raquo; custom_button_two=&raquo;on&raquo; button_two_text_color=&raquo;#000000&#8243; button_two_border_width=&raquo;2px&raquo; button_two_border_color=&raquo;#000000&#8243; button_two_border_radius=&raquo;20px&raquo; button_two_letter_spacing=&raquo;0px&raquo; button_two_font=&raquo;Work Sans|500|||||||&raquo; button_two_icon=&raquo;&#x35;||divi||400&#8243; button_two_on_hover=&raquo;off&raquo; button_two_custom_padding=&raquo;|50px||40px|false|false&raquo; custom_margin=&raquo;35px||35px|||&raquo; global_colors_info=&raquo;{}&raquo; button_two_bg_color__hover_enabled=&raquo;on|hover&raquo; button_two_bg_color__hover=&raquo;#ffd362&#8243; button_two_bg_enable_color__hover=&raquo;on&raquo; button_one_bg_color__hover=&raquo;#ffd362&#8243; button_one_bg_color__hover_enabled=&raquo;on|hover&raquo;][\/dsm_button][\/et_pb_column][et_pb_column type=&raquo;1_2&#8243; _builder_version=&raquo;4.19.4&#8243; _module_preset=&raquo;default&raquo; global_colors_info=&raquo;{}&raquo;][et_pb_text _builder_version=&raquo;4.20.2&#8243; _module_preset=&raquo;default&raquo; text_font=&raquo;|300|||||||&raquo; text_text_color=&raquo;#011420&#8243; text_font_size=&raquo;23px&raquo; text_line_height=&raquo;1.2em&raquo; custom_margin=&raquo;||19px|||&raquo; text_font_size_tablet=&raquo;23px&raquo; text_font_size_phone=&raquo;19px&raquo; text_font_size_last_edited=&raquo;on|phone&raquo; global_colors_info=&raquo;{}&raquo;]<\/p>\n<p><strong>Cultural Heritage<\/strong><\/p>\n<p>People and livestock have lived in the archipelago for many hundreds of years and have left their mark on it. Remains of buildings and shipwrecks tell some of the history. F\u00e6rder National Park has a rich cultural heritage, both above and below water. Examples of cultural heritage and cultural environments are the Russian prisoner-of-war camp, the crofting communities of Nordre Jensesund and R\u00f8nningen, the Compass Rose on \u00d8stre Bol\u00e6ren, Fulehuk lighthouse, and parts of the farmstead on S\u00f8ndre \u00c5r\u00f8y.<\/p>\n<p>[\/et_pb_text][\/et_pb_column][\/et_pb_row][et_pb_row _builder_version=&raquo;4.20.4&#8243; _module_preset=&raquo;default&raquo; custom_margin=&raquo;0px||0px||true|false&raquo; custom_padding=&raquo;0px||0px||true|false&raquo; global_colors_info=&raquo;{}&raquo; theme_builder_area=&raquo;post_content&raquo;][et_pb_column type=&raquo;4_4&#8243; _builder_version=&raquo;4.20.4&#8243; _module_preset=&raquo;default&raquo; global_colors_info=&raquo;{}&raquo; theme_builder_area=&raquo;post_content&raquo;][et_pb_text _builder_version=&raquo;4.20.4&#8243; _module_preset=&raquo;default&raquo; text_text_color=&raquo;#FFFFFF&raquo; text_font_size=&raquo;1px&raquo; link_text_color=&raquo;#FFFFFF&raquo; global_colors_info=&raquo;{}&raquo; theme_builder_area=&raquo;post_content&raquo;]<\/p>\n<p>F\u00f8lg oss p\u00e5 <a href=\"https:\/\/www.facebook.com\/allonboard\/\" target=\"_blank\" rel=\"noopener\">Facebook<\/a><\/p>\n<p>[\/et_pb_text][\/et_pb_column][\/et_pb_row][\/et_pb_section]<\/p>","protected":false},"excerpt":{"rendered":"<p>F\u00e6rder NasjonalparkOpplev F\u00e6rder Nasjonalparken p\u00e5 n\u00e6rt holdUnik skj\u00e6rg\u00e5rd som m\u00e5 opplevesNaturen i F\u00e6rder nasjonalpark er formet av menneskers aktivitet gjennom flere tusen \u00e5r. Spor etter fastboende, fiske, enkelt jordbruk, skipsfart, krig og fraflytting kan ses overalt. Samtidig har omr\u00e5det en sv\u00e6rt mangfoldig flora og fauna. Her lever planter og insekter som knapt finnes andre stedet. [&hellip;]<\/p>","protected":false},"author":1,"featured_media":0,"parent":313,"menu_order":0,"comment_status":"closed","ping_status":"closed","template":"","meta":{"_et_pb_use_builder":"on","_et_pb_old_content":"","_et_gb_content_width":"","footnotes":""},"class_list":["post-1180","page","type-page","status-publish","hentry"],"_links":{"self":[{"href":"https:\/\/modulevent.no\/en\/wp-json\/wp\/v2\/pages\/1180","targetHints":{"allow":["GET"]}}],"collection":[{"href":"https:\/\/modulevent.no\/en\/wp-json\/wp\/v2\/pages"}],"about":[{"href":"https:\/\/modulevent.no\/en\/wp-json\/wp\/v2\/types\/page"}],"author":[{"embeddable":true,"href":"https:\/\/modulevent.no\/en\/wp-json\/wp\/v2\/users\/1"}],"replies":[{"embeddable":true,"href":"https:\/\/modulevent.no\/en\/wp-json\/wp\/v2\/comments?post=1180"}],"version-history":[{"count":6,"href":"https:\/\/modulevent.no\/en\/wp-json\/wp\/v2\/pages\/1180\/revisions"}],"predecessor-version":[{"id":1756,"href":"https:\/\/modulevent.no\/en\/wp-json\/wp\/v2\/pages\/1180\/revisions\/1756"}],"up":[{"embeddable":true,"href":"https:\/\/modulevent.no\/en\/wp-json\/wp\/v2\/pages\/313"}],"wp:attachment":[{"href":"https:\/\/modulevent.no\/en\/wp-json\/wp\/v2\/media?parent=1180"}],"curies":[{"name":"wp","href":"https:\/\/api.w.org\/{rel}","templated":true}]}}